{"id":2979,"date":"2023-06-09T11:00:20","date_gmt":"2023-06-09T11:00:20","guid":{"rendered":"https:\/\/kahlo.qodeinteractive.com\/?page_id=2979"},"modified":"2025-10-31T10:02:23","modified_gmt":"2025-10-31T10:02:23","slug":"calendari-esdeveniments","status":"publish","type":"page","link":"https:\/\/galerialarcada.com\/ca\/events\/calendario-eventos\/","title":{"rendered":"Calendari d&#039;Exposicions"},"content":{"rendered":"<div data-elementor-type=\"wp-page\" data-elementor-id=\"2979\" class=\"elementor elementor-2979\" data-elementor-post-type=\"page\">\n\t\t\t\t\t\t<section class=\"elementor-section elementor-top-section elementor-element elementor-element-432f6fe9 elementor-section-full_width elementor-section-height-default elementor-section-height-default\" data-id=\"432f6fe9\" data-element_type=\"section\">\n\t\t\t\t\t\t<div class=\"elementor-container elementor-column-gap-default\">\n\t\t\t\t\t<div class=\"elementor-column elementor-col-100 elementor-top-column elementor-element elementor-element-7873d2ca\" data-id=\"7873d2ca\" data-element_type=\"column\">\n\t\t\t<div class=\"elementor-widget-wrap elementor-element-populated\">\n\t\t\t\t\t\t<div class=\"elementor-element elementor-element-3d98ac7 elementor-widget elementor-widget-kahlo_core_events_fullscreen_slider\" data-id=\"3d98ac7\" data-element_type=\"widget\" data-widget_type=\"kahlo_core_events_fullscreen_slider.default\">\n\t\t\t\t<div class=\"elementor-widget-container\">\n\t\t\t\t\t<div class=\"qodef-shortcode qodef-m qodef-events-fullscreen-slider qodef-full-height-slider--yes qodef-item-layout--info-above qodef-grid qodef-layout--fullscreen-slider qodef-item-layout--info-above qodef-responsive--predefined qodef-swiper--show-pagination\" data-options=\"{&quot;slidesPerView&quot;:1,&quot;spaceBetween&quot;:0,&quot;loop&quot;:true,&quot;autoplay&quot;:true,&quot;speed&quot;:&quot;&quot;,&quot;speedAnimation&quot;:&quot;&quot;,&quot;sliderScroll&quot;:&quot;&quot;}\">\n\t<div class=\"swiper-wrapper\">\n\t\t<article class=\"qodef-e qodef-m-item swiper-slide post-13297 event-item type-event-item status-publish has-post-thumbnail hentry\">\n\t<div class=\"qodef-e-inner\" >\n\n\t\t<div class=\"qodef-e-content-inner\">\n\t\t\t<div class=\"qodef-e-content\" >\n\t\t\t\t<div class=\"qodef-e-text\">\n\t\t\t\t\t<h1 itemprop=\"name\" class=\"qodef-e-title entry-title\" >\n\t<a itemprop=\"url\" class=\"qodef-e-title-link\" href=\"https:\/\/galerialarcada.com\/ca\/event-item\/exposicion-de-palma-alvarino-y-josep-m-viaplana\/\" target=\"_self\">\n\t\t<span class=\"qodef--word\">EXPOSICI\u00d3N<\/span> <span class=\"qodef--word\">DE<\/span> <span class=\"qodef--word\">PALMA<\/span> <span class=\"qodef--word\">ALVARI\u00d1O<\/span> <span class=\"qodef--word\">Y<\/span> <span class=\"qodef--word\">JOSEP<\/span> <span class=\"qodef--word\">M.<\/span> <span class=\"qodef--word\">VIAPLANA<\/span>\t<\/a>\n<\/h1>\n\t\t\t\t<\/div>\n\t\t\t\t<div class=\"qodef-e-info-holder\">\n\t\t\t\t\t<div class=\"qodef-e-info\">\n\t\t\t\t\t\t<div class=\"qodef-e-event-types\">\n<\/div>\n\t<span class=\"qodef-e-date-info\">\n\t\t\t\t<span class=\"qodef-e-date qodef-e-start\">\n\t\t\t15 maig\t\t<\/span>\n\t\t\n\t\t\t\t\t<span class=\"qodef-e-date qodef-e-end\">\n\t\t\t14 juny\t\t<\/span>\n\t\t\t<\/span>\n\t<span class=\"qodef-e-date-time-info\">\n\t\t\t\t\t<span class=\"qodef-e-date qodef-e-end\">\n\t\t\t\t2026.\t\t\t<\/span>\n\t\t\t<\/span>\n\n\t\t\t\t\t<\/div>\n\t\t\t\t<\/div>\n\t\t\t\t\t<div class=\"qodef-e-read-more\">\n\t\t<a class=\"qodef-e-more-link\" href=\"https:\/\/galerialarcada.com\/ca\/event-item\/exposicion-de-palma-alvarino-y-josep-m-viaplana\/\" target=\"_blank\"><svg xmlns=\"http:\/\/www.w3.org\/2000\/svg\" width=\"117.533\" height=\"97\" viewbox=\"0 0 117.533 97\"><g><path d=\"M79.855 97H58.503l37.679-58.4h21.351Z\"\/><path d=\"M37.678 97h21.351L21.351 38.6H-.001Z\"\/><path fill=\"none\" stroke=\"currentColor\" d=\"M59.097 91.056V0\"\/><\/g><\/svg><\/a>\n\t<\/div>\n\t\t\t<\/div>\n\t\t\t<div class=\"qodef-e-image\">\n\t\t\t\t\t<div class=\"qodef-e-media-image\">\n\t\t<a itemprop=\"url\" href=\"https:\/\/galerialarcada.com\/ca\/event-item\/exposicion-de-palma-alvarino-y-josep-m-viaplana\/\" target=\"_self\">\n\t\t\t<img fetchpriority=\"high\" decoding=\"async\" width=\"1905\" height=\"742\" src=\"https:\/\/galerialarcada.com\/wp-content\/uploads\/2026\/05\/obras-expo.jpg\" class=\"attachment-full size-full wp-post-image\" alt=\"\" srcset=\"https:\/\/galerialarcada.com\/wp-content\/uploads\/2026\/05\/obras-expo.jpg 1905w, https:\/\/galerialarcada.com\/wp-content\/uploads\/2026\/05\/obras-expo-300x117.jpg 300w, https:\/\/galerialarcada.com\/wp-content\/uploads\/2026\/05\/obras-expo-1024x399.jpg 1024w, https:\/\/galerialarcada.com\/wp-content\/uploads\/2026\/05\/obras-expo-768x299.jpg 768w, https:\/\/galerialarcada.com\/wp-content\/uploads\/2026\/05\/obras-expo-1536x598.jpg 1536w, https:\/\/galerialarcada.com\/wp-content\/uploads\/2026\/05\/obras-expo-18x7.jpg 18w, https:\/\/galerialarcada.com\/wp-content\/uploads\/2026\/05\/obras-expo-600x234.jpg 600w\" sizes=\"(max-width: 1905px) 100vw, 1905px\" \/>\t\t<\/a>\n\t<\/div>\n\t\t\t<\/div>\n\t\t<\/div>\n\n\t<\/div>\n<\/article>\n<article class=\"qodef-e qodef-m-item swiper-slide post-13118 event-item type-event-item status-publish has-post-thumbnail hentry\">\n\t<div class=\"qodef-e-inner\" >\n\n\t\t<div class=\"qodef-e-content-inner\">\n\t\t\t<div class=\"qodef-e-content\" >\n\t\t\t\t<div class=\"qodef-e-text\">\n\t\t\t\t\t<h1 itemprop=\"name\" class=\"qodef-e-title entry-title\" >\n\t<a itemprop=\"url\" class=\"qodef-e-title-link\" href=\"https:\/\/galerialarcada.com\/ca\/event-item\/exposicion-de-toni-yll-y-jordi-soler\/\" target=\"_self\">\n\t\t<span class=\"qodef--word\">EXPOSICI\u00d3N<\/span> <span class=\"qodef--word\">DE<\/span> <span class=\"qodef--word\">TONI<\/span> <span class=\"qodef--word\">YLL<\/span> <span class=\"qodef--word\">Y<\/span> <span class=\"qodef--word\">JORDI<\/span> <span class=\"qodef--word\">SOLER<\/span>\t<\/a>\n<\/h1>\n\t\t\t\t<\/div>\n\t\t\t\t<div class=\"qodef-e-info-holder\">\n\t\t\t\t\t<div class=\"qodef-e-info\">\n\t\t\t\t\t\t<div class=\"qodef-e-event-types\">\n<\/div>\n\t<span class=\"qodef-e-date-info\">\n\t\t\t\t<span class=\"qodef-e-date qodef-e-start\">\n\t\t\t17 abr.\t\t<\/span>\n\t\t\n\t\t\t\t\t<span class=\"qodef-e-date qodef-e-end\">\n\t\t\t14 maig\t\t<\/span>\n\t\t\t<\/span>\n\t<span class=\"qodef-e-date-time-info\">\n\t\t\t\t\t<span class=\"qodef-e-date qodef-e-end\">\n\t\t\t\t2026.\t\t\t<\/span>\n\t\t\t<\/span>\n\n\t\t\t\t\t<\/div>\n\t\t\t\t<\/div>\n\t\t\t\t\t<div class=\"qodef-e-read-more\">\n\t\t<a class=\"qodef-e-more-link\" href=\"https:\/\/galerialarcada.com\/ca\/event-item\/exposicion-de-toni-yll-y-jordi-soler\/\" target=\"_blank\"><svg xmlns=\"http:\/\/www.w3.org\/2000\/svg\" width=\"117.533\" height=\"97\" viewbox=\"0 0 117.533 97\"><g><path d=\"M79.855 97H58.503l37.679-58.4h21.351Z\"\/><path d=\"M37.678 97h21.351L21.351 38.6H-.001Z\"\/><path fill=\"none\" stroke=\"currentColor\" d=\"M59.097 91.056V0\"\/><\/g><\/svg><\/a>\n\t<\/div>\n\t\t\t<\/div>\n\t\t\t<div class=\"qodef-e-image\">\n\t\t\t\t\t<div class=\"qodef-e-media-image\">\n\t\t<a itemprop=\"url\" href=\"https:\/\/galerialarcada.com\/ca\/event-item\/exposicion-de-toni-yll-y-jordi-soler\/\" target=\"_self\">\n\t\t\t<img decoding=\"async\" width=\"1536\" height=\"1024\" src=\"https:\/\/galerialarcada.com\/wp-content\/uploads\/2026\/04\/ChatGPT-Image-16-abr-2026-11_22_56-a.m.png\" class=\"attachment-full size-full wp-post-image\" alt=\"\" srcset=\"https:\/\/galerialarcada.com\/wp-content\/uploads\/2026\/04\/ChatGPT-Image-16-abr-2026-11_22_56-a.m.png 1536w, https:\/\/galerialarcada.com\/wp-content\/uploads\/2026\/04\/ChatGPT-Image-16-abr-2026-11_22_56-a.m-300x200.png 300w, https:\/\/galerialarcada.com\/wp-content\/uploads\/2026\/04\/ChatGPT-Image-16-abr-2026-11_22_56-a.m-1024x683.png 1024w, https:\/\/galerialarcada.com\/wp-content\/uploads\/2026\/04\/ChatGPT-Image-16-abr-2026-11_22_56-a.m-768x512.png 768w, https:\/\/galerialarcada.com\/wp-content\/uploads\/2026\/04\/ChatGPT-Image-16-abr-2026-11_22_56-a.m-600x400.png 600w\" sizes=\"(max-width: 1536px) 100vw, 1536px\" \/>\t\t<\/a>\n\t<\/div>\n\t\t\t<\/div>\n\t\t<\/div>\n\n\t<\/div>\n<\/article>\n<article class=\"qodef-e qodef-m-item swiper-slide post-12745 event-item type-event-item status-publish has-post-thumbnail hentry event-types-exposicion\">\n\t<div class=\"qodef-e-inner\" >\n\n\t\t<div class=\"qodef-e-content-inner\">\n\t\t\t<div class=\"qodef-e-content\" >\n\t\t\t\t<div class=\"qodef-e-text\">\n\t\t\t\t\t<h1 itemprop=\"name\" class=\"qodef-e-title entry-title\" >\n\t<a itemprop=\"url\" class=\"qodef-e-title-link\" href=\"https:\/\/galerialarcada.com\/ca\/event-item\/josep-moscardo\/\" target=\"_self\">\n\t\t<span class=\"qodef--word\">Josep<\/span> <span class=\"qodef--word\">Moscard\u00f3<\/span>\t<\/a>\n<\/h1>\n\t\t\t\t<\/div>\n\t\t\t\t<div class=\"qodef-e-info-holder\">\n\t\t\t\t\t<div class=\"qodef-e-info\">\n\t\t\t\t\t\t<div class=\"qodef-e-event-types\">\n\t<a href=\"https:\/\/galerialarcada.com\/ca\/event-types\/exposicion\/\" rel=\"tag\">Exposici\u00f3<\/a>\t<div class=\"qodef-info-separator-end\"><\/div>\n<\/div>\n\t<span class=\"qodef-e-date-info\">\n\t\t\t\t<span class=\"qodef-e-date qodef-e-start\">\n\t\t\t20 mar\u00e7\t\t<\/span>\n\t\t\n\t\t\t\t\t<span class=\"qodef-e-date qodef-e-end\">\n\t\t\t19 abr.\t\t<\/span>\n\t\t\t<\/span>\n\t<span class=\"qodef-e-date-time-info\">\n\t\t\t\t\t<span class=\"qodef-e-date qodef-e-end\">\n\t\t\t\t2026.\t\t\t<\/span>\n\t\t\t<\/span>\n\n\t\t\t\t\t<\/div>\n\t\t\t\t<\/div>\n\t\t\t\t\t<div class=\"qodef-e-read-more\">\n\t\t<a class=\"qodef-e-more-link\" href=\"https:\/\/galerialarcada.com\/ca\/event-item\/josep-moscardo\/\" target=\"_blank\"><svg xmlns=\"http:\/\/www.w3.org\/2000\/svg\" width=\"117.533\" height=\"97\" viewbox=\"0 0 117.533 97\"><g><path d=\"M79.855 97H58.503l37.679-58.4h21.351Z\"\/><path d=\"M37.678 97h21.351L21.351 38.6H-.001Z\"\/><path fill=\"none\" stroke=\"currentColor\" d=\"M59.097 91.056V0\"\/><\/g><\/svg><\/a>\n\t<\/div>\n\t\t\t<\/div>\n\t\t\t<div class=\"qodef-e-image\">\n\t\t\t\t\t<div class=\"qodef-e-media-image\">\n\t\t<a itemprop=\"url\" href=\"https:\/\/galerialarcada.com\/ca\/event-item\/josep-moscardo\/\" target=\"_self\">\n\t\t\t<img decoding=\"async\" width=\"1536\" height=\"804\" src=\"https:\/\/galerialarcada.com\/wp-content\/uploads\/2026\/03\/20-3-1-e1774342882160.jpg\" class=\"attachment-full size-full\" alt=\"\" srcset=\"https:\/\/galerialarcada.com\/wp-content\/uploads\/2026\/03\/20-3-1-e1774342882160.jpg 1536w, https:\/\/galerialarcada.com\/wp-content\/uploads\/2026\/03\/20-3-1-e1774342882160-300x157.jpg 300w, https:\/\/galerialarcada.com\/wp-content\/uploads\/2026\/03\/20-3-1-e1774342882160-1024x536.jpg 1024w, https:\/\/galerialarcada.com\/wp-content\/uploads\/2026\/03\/20-3-1-e1774342882160-768x402.jpg 768w, https:\/\/galerialarcada.com\/wp-content\/uploads\/2026\/03\/20-3-1-e1774342882160-18x9.jpg 18w, https:\/\/galerialarcada.com\/wp-content\/uploads\/2026\/03\/20-3-1-e1774342882160-600x314.jpg 600w\" sizes=\"(max-width: 1536px) 100vw, 1536px\" \/>\t\t<\/a>\n\t<\/div>\n\t\t\t<\/div>\n\t\t<\/div>\n\n\t<\/div>\n<\/article>\n\t<\/div>\n\t\t\t<div class=\"qodef-bottom-info\">\n\t\t<div class=\"swiper-pagination\"><\/div>\n\t<\/div>\n<\/div>\n\t\t\t\t<\/div>\n\t\t\t\t<\/div>\n\t\t\t\t\t<\/div>\n\t\t<\/div>\n\t\t\t\t\t<\/div>\n\t\t<\/section>\n\t\t\t\t<\/div>","protected":false},"excerpt":{"rendered":"<p>Laura Bofill Exposici\u00f3 07 Nov 04 Des 2025. Josep Maria Sol\u00e0 Exposici\u00f3 05 Des 05 Gen 2026. DE PAPER. COL\u00b7LECTIVA Exposici\u00f3 10 Oct 06 Nov 2025. Laura Bofill Exposici\u00f3 07 Nov 04 Des 2025.<\/p>","protected":false},"author":1,"featured_media":0,"parent":257,"menu_order":0,"comment_status":"closed","ping_status":"closed","template":"page-full-width.php","meta":{"_acf_changed":false,"footnotes":""},"class_list":["post-2979","page","type-page","status-publish","hentry"],"acf":[],"_links":{"self":[{"href":"https:\/\/galerialarcada.com\/ca\/wp-json\/wp\/v2\/pages\/2979","targetHints":{"allow":["GET"]}}],"collection":[{"href":"https:\/\/galerialarcada.com\/ca\/wp-json\/wp\/v2\/pages"}],"about":[{"href":"https:\/\/galerialarcada.com\/ca\/wp-json\/wp\/v2\/types\/page"}],"author":[{"embeddable":true,"href":"https:\/\/galerialarcada.com\/ca\/wp-json\/wp\/v2\/users\/1"}],"replies":[{"embeddable":true,"href":"https:\/\/galerialarcada.com\/ca\/wp-json\/wp\/v2\/comments?post=2979"}],"version-history":[{"count":9,"href":"https:\/\/galerialarcada.com\/ca\/wp-json\/wp\/v2\/pages\/2979\/revisions"}],"predecessor-version":[{"id":11474,"href":"https:\/\/galerialarcada.com\/ca\/wp-json\/wp\/v2\/pages\/2979\/revisions\/11474"}],"up":[{"embeddable":true,"href":"https:\/\/galerialarcada.com\/ca\/wp-json\/wp\/v2\/pages\/257"}],"wp:attachment":[{"href":"https:\/\/galerialarcada.com\/ca\/wp-json\/wp\/v2\/media?parent=2979"}],"curies":[{"name":"wp","href":"https:\/\/api.w.org\/{rel}","templated":true}]}}