{"id":8211,"date":"2025-10-21T18:55:56","date_gmt":"2025-10-21T18:55:56","guid":{"rendered":"http:\/\/galerialarcada.com\/?post_type=product&#038;p=8211"},"modified":"2025-10-28T09:03:18","modified_gmt":"2025-10-28T09:03:18","slug":"paris-i","status":"publish","type":"product","link":"https:\/\/galerialarcada.com\/ca\/product\/paris-i\/","title":{"rendered":"Paris I"},"content":{"rendered":"<p><b>Artista:<\/b> Ivan G\u00f3mez Aparicio<br \/><b>T\u00e8cnica:<\/b> Pols de marbre, ferro<br \/><b>Mesures:\u00a0<\/b>165 x 20 x 32 cm<br \/><strong>Any:<\/strong> 2023<\/p>\n<p>Pe\u00e7a \u00fanica<\/p><\/p>","protected":false},"excerpt":{"rendered":"<p>Artista: Ivan G\u00f3mez AparicioT\u00e8cnica: Pols de marbre, ferroMesures: 165 x 20 x 32 cmAny: 2023 Pe\u00e7a \u00fanica<\/p>","protected":false},"featured_media":8212,"template":"","meta":{"_acf_changed":false},"product_brand":[],"product_cat":[132,133],"product_tag":[146],"class_list":{"0":"post-8211","1":"product","2":"type-product","3":"status-publish","4":"has-post-thumbnail","6":"product_cat-ceramica","7":"product_cat-figurativo-escultura","8":"product_tag-ivan-gomez-aparicio","10":"first","11":"instock","12":"product-type-simple"},"acf":[],"_links":{"self":[{"href":"https:\/\/galerialarcada.com\/ca\/wp-json\/wp\/v2\/product\/8211","targetHints":{"allow":["GET"]}}],"collection":[{"href":"https:\/\/galerialarcada.com\/ca\/wp-json\/wp\/v2\/product"}],"about":[{"href":"https:\/\/galerialarcada.com\/ca\/wp-json\/wp\/v2\/types\/product"}],"wp:featuredmedia":[{"embeddable":true,"href":"https:\/\/galerialarcada.com\/ca\/wp-json\/wp\/v2\/media\/8212"}],"wp:attachment":[{"href":"https:\/\/galerialarcada.com\/ca\/wp-json\/wp\/v2\/media?parent=8211"}],"wp:term":[{"taxonomy":"product_brand","embeddable":true,"href":"https:\/\/galerialarcada.com\/ca\/wp-json\/wp\/v2\/product_brand?post=8211"},{"taxonomy":"product_cat","embeddable":true,"href":"https:\/\/galerialarcada.com\/ca\/wp-json\/wp\/v2\/product_cat?post=8211"},{"taxonomy":"product_tag","embeddable":true,"href":"https:\/\/galerialarcada.com\/ca\/wp-json\/wp\/v2\/product_tag?post=8211"}],"curies":[{"name":"wp","href":"https:\/\/api.w.org\/{rel}","templated":true}]}}