{"id":8392,"date":"2025-10-21T18:55:49","date_gmt":"2025-10-21T18:55:49","guid":{"rendered":"http:\/\/galerialarcada.com\/?post_type=product&#038;p=8392"},"modified":"2025-10-28T09:03:09","modified_gmt":"2025-10-28T09:03:09","slug":"horitzo","status":"publish","type":"product","link":"https:\/\/galerialarcada.com\/ca\/product\/horizonte\/","title":{"rendered":"HORITZ\u00d3"},"content":{"rendered":"<p><b>Artista:<\/b> Gustavo Ghianda<br \/><b>T\u00e8cnica:<\/b> C\u00f2pia Ultrachrome en paper de cot\u00f3<br \/><b>Mesures:<\/b> 60 x 90 cm<br \/><strong>Any:\u00a0<\/strong>2022<\/p>","protected":false},"excerpt":{"rendered":"<p>Artista: Gustavo GhiandaT\u00e8cnica: C\u00f2pia Ultrachrome en paper de cot\u00f3Mesures: 60 x 90 cmAny: 2022<\/p>","protected":false},"featured_media":8393,"template":"","meta":{"_acf_changed":false},"product_brand":[],"product_cat":[176],"product_tag":[157],"class_list":{"0":"post-8392","1":"product","2":"type-product","3":"status-publish","4":"has-post-thumbnail","6":"product_cat-fotografia","7":"product_tag-gustavo-ghianda","9":"first","10":"instock","11":"product-type-simple"},"acf":[],"_links":{"self":[{"href":"https:\/\/galerialarcada.com\/ca\/wp-json\/wp\/v2\/product\/8392","targetHints":{"allow":["GET"]}}],"collection":[{"href":"https:\/\/galerialarcada.com\/ca\/wp-json\/wp\/v2\/product"}],"about":[{"href":"https:\/\/galerialarcada.com\/ca\/wp-json\/wp\/v2\/types\/product"}],"wp:featuredmedia":[{"embeddable":true,"href":"https:\/\/galerialarcada.com\/ca\/wp-json\/wp\/v2\/media\/8393"}],"wp:attachment":[{"href":"https:\/\/galerialarcada.com\/ca\/wp-json\/wp\/v2\/media?parent=8392"}],"wp:term":[{"taxonomy":"product_brand","embeddable":true,"href":"https:\/\/galerialarcada.com\/ca\/wp-json\/wp\/v2\/product_brand?post=8392"},{"taxonomy":"product_cat","embeddable":true,"href":"https:\/\/galerialarcada.com\/ca\/wp-json\/wp\/v2\/product_cat?post=8392"},{"taxonomy":"product_tag","embeddable":true,"href":"https:\/\/galerialarcada.com\/ca\/wp-json\/wp\/v2\/product_tag?post=8392"}],"curies":[{"name":"wp","href":"https:\/\/api.w.org\/{rel}","templated":true}]}}