{"id":8782,"date":"2025-08-21T14:39:32","date_gmt":"2025-08-21T14:39:32","guid":{"rendered":"http:\/\/galerialarcada.com\/?page_id=8782"},"modified":"2025-08-21T14:55:27","modified_gmt":"2025-08-21T14:55:27","slug":"kcho","status":"publish","type":"page","link":"https:\/\/galerialarcada.com\/de\/kcho\/","title":{"rendered":"Kcho"},"content":{"rendered":"<div data-elementor-type=\"wp-page\" data-elementor-id=\"8782\" class=\"elementor elementor-8782\" data-elementor-post-type=\"page\">\n\t\t\t\t<div class=\"elementor-element elementor-element-67894179 e-con-full e-flex e-con e-parent\" data-id=\"67894179\" data-element_type=\"container\">\n\t\t\t\t<div class=\"elementor-element elementor-element-31430e36 elementor-widget__width-initial elementor-widget elementor-widget-kahlo_core_section_title\" data-id=\"31430e36\" data-element_type=\"widget\" data-widget_type=\"kahlo_core_section_title.default\">\n\t\t\t\t<div class=\"elementor-widget-container\">\n\t\t\t\t\t<div class=\"qodef-shortcode qodef-m qodef-section-title qodef-alignment--center\">\n\t\t<h1 class=\"qodef-m-title\" >\n\t\t\t\t\tKcho\t\t\t<\/h1>\n\t    \n<\/div>\n\t\t\t\t<\/div>\n\t\t\t\t<\/div>\n\t\t\t\t<\/div>\n\t\t<div class=\"elementor-element elementor-element-4fe757e9 e-con-full e-grid e-con e-parent\" data-id=\"4fe757e9\" data-element_type=\"container\">\n\t\t\t\t<div class=\"elementor-element elementor-element-513be3a8 elementor-widget elementor-widget-kahlo_core_single_image\" data-id=\"513be3a8\" data-element_type=\"widget\" data-widget_type=\"kahlo_core_single_image.default\">\n\t\t\t\t<div class=\"elementor-widget-container\">\n\t\t\t\t\t<div class=\"qodef-shortcode qodef-m qodef-single-image qodef-layout--default\">\n\t\t\t<div class=\"qodef-m-image\">\n\t\t\t\t\t\t\t\t<img fetchpriority=\"high\" decoding=\"async\" width=\"239\" height=\"300\" src=\"https:\/\/galerialarcada.com\/wp-content\/uploads\/2025\/08\/Kcho-239x300.png\" class=\"attachment-medium size-medium\" alt=\"Kcho\" srcset=\"https:\/\/galerialarcada.com\/wp-content\/uploads\/2025\/08\/Kcho-239x300.png 239w, https:\/\/galerialarcada.com\/wp-content\/uploads\/2025\/08\/Kcho-10x12.png 10w, https:\/\/galerialarcada.com\/wp-content\/uploads\/2025\/08\/Kcho.png 456w\" sizes=\"(max-width: 239px) 100vw, 239px\" \/>\t\t\t\t\t\t\t<\/div>\n\t<\/div>\n\t\t\t\t<\/div>\n\t\t\t\t<\/div>\n\t\t\t\t<div class=\"elementor-element elementor-element-1c6c118 elementor-widget elementor-widget-text-editor\" data-id=\"1c6c118\" data-element_type=\"widget\" data-widget_type=\"text-editor.default\">\n\t\t\t\t\t\t\t\t\t<p data-start=\"152\" data-end=\"469\"><strong data-start=\"152\" data-end=\"216\">Kcho (Alexis Leiva Machado, Isle of Youth, Kuba, 1970)<\/strong> Er z\u00e4hlt zu den einflussreichsten zeitgen\u00f6ssischen K\u00fcnstlern Lateinamerikas. Als Maler, Bildhauer, Grafiker und Installationsk\u00fcnstler hat er eine internationale Karriere entwickelt, in der <strong data-start=\"394\" data-end=\"410\">grafische Arbeiten<\/strong> Es nimmt einen wesentlichen Platz in seiner k\u00fcnstlerischen Sprache ein.<\/p><p data-start=\"471\" data-end=\"798\">Kcho wurde an der Nationalen Kunstschule in Havanna ausgebildet und hat bereits in mehr als <strong data-start=\"551\" data-end=\"597\">100 Einzelproben und 200 Sammelproben<\/strong> in Museen auf der ganzen Welt. 1995, im Alter von nur 25 Jahren, wurde er als j\u00fcngster lateinamerikanischer K\u00fcnstler in die st\u00e4ndige Sammlung des Museums aufgenommen. <strong data-start=\"749\" data-end=\"795\">Museum f\u00fcr Moderne Kunst in New York (MoMA)<\/strong>.<\/p><p data-start=\"800\" data-end=\"1147\">Sein <strong data-start=\"803\" data-end=\"819\">grafische Arbeiten<\/strong> Es spiegelt die Poetik des Reisens, der Migration und des kollektiven Ged\u00e4chtnisses wider, mit best\u00e4ndigen Bez\u00fcgen zu Booten und Bauwerken, die sowohl Hoffnung als auch Unsicherheit evozieren. Dieselbe Ausdruckskraft, die ihre Skulpturen und Installationen auszeichnet, ist auch hier sp\u00fcrbar und wird mit einzigartiger Intensit\u00e4t in Druckgrafik und Zeichnung \u00fcbertragen.<\/p><p data-start=\"1149\" data-end=\"1615\">Ausgezeichnet mit Preisen wie dem <strong data-start=\"1186\" data-end=\"1247\">Gro\u00dfer Preis der Gwangju Biennale (S\u00fcdkorea, 1995)<\/strong> oder die <strong data-start=\"1253\" data-end=\"1296\">UNESCO-Preis zur F\u00f6rderung der K\u00fcnste<\/strong>, Kcho ist heute eine Schl\u00fcsselfigur der zeitgen\u00f6ssischen kubanischen Kunst. Seine Werke sind Teil der st\u00e4ndigen Sammlungen von Institutionen wie dem <strong data-start=\"1441\" data-end=\"1483\">Nationales Museum der Sch\u00f6nen K\u00fcnste von Kuba<\/strong>, Er <strong data-start=\"1488\" data-end=\"1533\">Museum des Nationalen Kunstzentrums Reina Sof\u00eda<\/strong>, Er <strong data-start=\"1538\" data-end=\"1560\">MoMA in New York<\/strong> oder die <strong data-start=\"1566\" data-end=\"1612\">Museum f\u00fcr zeitgen\u00f6ssische Kunst, Los Angeles<\/strong>.<\/p><p data-start=\"1617\" data-end=\"1797\">Mit seinem <strong data-start=\"1624\" data-end=\"1640\">grafische Arbeiten<\/strong>, Kcho best\u00e4tigt die Universalit\u00e4t einer Kunstform voller Symbolik, die in der Lage ist, sich aus einer zutiefst menschlichen Perspektive mit Geschichte und aktuellen Ereignissen auseinanderzusetzen.<\/p>\t\t\t\t\t\t\t\t<\/div>\n\t\t\t\t<\/div>\n\t\t<div class=\"elementor-element elementor-element-18826daa e-con-full e-flex e-con e-parent\" data-id=\"18826daa\" data-element_type=\"container\">\n\t\t\t\t<div class=\"elementor-element elementor-element-4ba45f4e elementor-widget elementor-widget-kahlo_core_custom_font\" data-id=\"4ba45f4e\" data-element_type=\"widget\" data-widget_type=\"kahlo_core_custom_font.default\">\n\t\t\t\t<div class=\"elementor-widget-container\">\n\t\t\t\t\t<p class=\"qodef-shortcode qodef-m qodef-custom-font qodef-custom-font-78 qodef-layout--simple\" style=\"font-family: Space Grotesk;font-size: 49px;line-height: 49px;letter-spacing: -0.05em;font-weight: 500\">Werke von Kcho<\/p>\n\t\t\t\t<\/div>\n\t\t\t\t<\/div>\n\t\t\t\t<\/div>\n\t\t<div class=\"elementor-element elementor-element-b93a163 e-flex e-con-boxed e-con e-parent\" data-id=\"b93a163\" data-element_type=\"container\">\n\t\t\t\t\t<div class=\"e-con-inner\">\n\t\t\t\t<div class=\"elementor-element elementor-element-6fdf4a75 elementor-widget elementor-widget-kahlo_core_product_list\" data-id=\"6fdf4a75\" data-element_type=\"widget\" data-widget_type=\"kahlo_core_product_list.default\">\n\t\t\t\t<div class=\"elementor-widget-container\">\n\t\t\t\t\t<div class=\"qodef-shortcode qodef-m produ qodef-woo-shortcode qodef-woo-product-list qodef-item-layout--info-below qodef-grid qodef-layout--masonry qodef-col-num--3 qodef-item-layout--info-below qodef-pagination--on qodef-pagination-type--infinite-scroll qodef-responsive--predefined qodef-swiper--show-pagination\"  data-options=\"{&quot;plugin&quot;:&quot;kahlo_core&quot;,&quot;module&quot;:&quot;plugins\\\/woocommerce\\\/shortcodes&quot;,&quot;shortcode&quot;:&quot;product-list&quot;,&quot;post_type&quot;:&quot;product&quot;,&quot;next_page&quot;:&quot;2&quot;,&quot;max_pages_num&quot;:1,&quot;custom_class&quot;:&quot;produ&quot;,&quot;behavior&quot;:&quot;masonry&quot;,&quot;images_proportion&quot;:&quot;full&quot;,&quot;columns&quot;:&quot;3&quot;,&quot;columns_responsive&quot;:&quot;predefined&quot;,&quot;columns_1512&quot;:&quot;3&quot;,&quot;columns_1440&quot;:&quot;3&quot;,&quot;columns_1366&quot;:&quot;3&quot;,&quot;columns_1024&quot;:&quot;3&quot;,&quot;columns_768&quot;:&quot;3&quot;,&quot;columns_680&quot;:&quot;3&quot;,&quot;columns_480&quot;:&quot;3&quot;,&quot;parallax_item&quot;:&quot;yes&quot;,&quot;posts_per_page&quot;:&quot;9&quot;,&quot;orderby&quot;:&quot;name&quot;,&quot;order&quot;:&quot;DESC&quot;,&quot;additional_params&quot;:&quot;tax&quot;,&quot;tax&quot;:&quot;product_tag&quot;,&quot;tax_slug&quot;:&quot;Kcho&quot;,&quot;layout&quot;:&quot;info-below&quot;,&quot;title_tag&quot;:&quot;h4&quot;,&quot;enable_filter&quot;:&quot;no&quot;,&quot;full_width_filter&quot;:&quot;no&quot;,&quot;pagination_type&quot;:&quot;infinite-scroll&quot;,&quot;object_class_name&quot;:&quot;KahloCore_Product_List_Shortcode&quot;,&quot;taxonomy_filter&quot;:&quot;product_tag&quot;,&quot;additional_query_args&quot;:{&quot;tax_query&quot;:[{&quot;taxonomy&quot;:&quot;product_tag&quot;,&quot;field&quot;:&quot;slug&quot;,&quot;terms&quot;:&quot;Kcho&quot;}]},&quot;holder_styles&quot;:[]}\">\n\t\t<ul class=\"qodef-grid-inner\">\n\t\t\t<div class=\"qodef-grid-masonry-sizer\"><\/div>\n<li class=\"qodef-e qodef-grid-item qodef-parallax-item product type-product post-8542 status-publish first instock product_cat-obra-grafica product_tag-kcho has-post-thumbnail product-type-simple\">\n\t<div class=\"qodef-e-inner\">\n\t\t\t\t\t<div class=\"qodef-e-media\">\n\t\t\t\t\t<div class=\"qodef-e-media-image\">\n\t\t<a href=\"https:\/\/galerialarcada.com\/de\/product\/regresa-vida-mia-que-te-espero\/\" class=\"woocommerce-LoopProduct-link woocommerce-loop-product__link\">\t\t\t\t\t\t<img decoding=\"async\" width=\"300\" height=\"300\" src=\"https:\/\/galerialarcada.com\/wp-content\/uploads\/2025\/08\/regresa-vida-mia-que-te-espero-300x300.jpg\" class=\"attachment-woocommerce_thumbnail size-woocommerce_thumbnail wp-post-image\" alt=\"\" srcset=\"https:\/\/galerialarcada.com\/wp-content\/uploads\/2025\/08\/regresa-vida-mia-que-te-espero-300x300.jpg 300w, https:\/\/galerialarcada.com\/wp-content\/uploads\/2025\/08\/regresa-vida-mia-que-te-espero-100x100.jpg 100w\" sizes=\"(max-width: 300px) 100vw, 300px\" \/>\t\t<\/a>\t<\/div>\n\t\t\t\t<div class=\"qodef-e-media-inner\">\n\t\t\t\t\t\t<span id=\"woocommerce_loop_add_to_cart_link_describedby_8542\" class=\"screen-reader-text\">\n\t\t\t<\/span>\n\t\t\t\t<\/div>\n\t\t\t\t<a href=\"https:\/\/galerialarcada.com\/de\/product\/regresa-vida-mia-que-te-espero\/\" class=\"woocommerce-LoopProduct-link woocommerce-loop-product__link\"><\/a>\t\t\t<\/div>\n\t\t\t\t<div class=\"qodef-e-content\">\n\t\t\t<h4 itemprop=\"name\" class=\"qodef-woo-product-title entry-title\" >\n\t<a itemprop=\"url\" class=\"qodef-woo-product-title-link\" href=\"https:\/\/galerialarcada.com\/de\/product\/regresa-vida-mia-que-te-espero\/\">\n\t\tKomm zur\u00fcck in mein Leben, ich warte auf dich.\t<\/a>\n<\/h4>\n\t\t\t\t\t\t\t\t<\/div>\n\t<\/div>\n<\/li>\n\t<\/ul>\n\t<\/div>\n\t\t\t\t<\/div>\n\t\t\t\t<\/div>\n\t\t\t\t<div class=\"elementor-element elementor-element-4424e35f elementor-widget elementor-widget-kahlo_core_custom_font\" data-id=\"4424e35f\" data-element_type=\"widget\" data-widget_type=\"kahlo_core_custom_font.default\">\n\t\t\t\t<div class=\"elementor-widget-container\">\n\t\t\t\t\t<p class=\"qodef-shortcode qodef-m qodef-custom-font qodef-custom-font-331 qodef-layout--simple\" style=\"font-family: Space Grotesk;font-size: 49px;line-height: 49px\">Werke anderer Grafiker<\/p>\n\t\t\t\t<\/div>\n\t\t\t\t<\/div>\n\t\t\t\t<div class=\"elementor-element elementor-element-7bf1253c elementor-grid-4 elementor-grid-tablet-3 elementor-grid-mobile-2 elementor-products-grid elementor-wc-products elementor-widget elementor-widget-woocommerce-products\" data-id=\"7bf1253c\" data-element_type=\"widget\" data-widget_type=\"woocommerce-products.default\">\n\t\t\t\t<div class=\"elementor-widget-container\">\n\t\t\t\t\t<div class=\"woocommerce columns-4\"><div class=\"qodef-woo-product-list qodef-item-layout--info-below qodef-gutter--great qodef-vertical-gutter--normal\" ><ul class=\"products elementor-grid columns-4\">\n<li class=\"product type-product post-8488 status-publish first instock product_cat-obra-grafica product_tag-josep-riera-i-arago has-post-thumbnail shipping-taxable product-type-simple\">\n\t<div class=\"qodef-e-inner\"><div class=\"qodef-e-media\"><div class=\"qodef-e-media-image\"><a href=\"https:\/\/galerialarcada.com\/de\/product\/avio-vertical\/\" class=\"woocommerce-LoopProduct-link woocommerce-loop-product__link\"><img decoding=\"async\" width=\"300\" height=\"300\" src=\"https:\/\/galerialarcada.com\/wp-content\/uploads\/2025\/08\/avio-vertical-scaled-300x300.jpg\" class=\"attachment-woocommerce_thumbnail size-woocommerce_thumbnail\" alt=\"Senkrechtflugzeug\" srcset=\"https:\/\/galerialarcada.com\/wp-content\/uploads\/2025\/08\/avio-vertical-scaled-300x300.jpg 300w, https:\/\/galerialarcada.com\/wp-content\/uploads\/2025\/08\/avio-vertical-scaled-100x100.jpg 100w\" sizes=\"(max-width: 300px) 100vw, 300px\" \/><\/a><\/div><div class=\"qodef-e-media-inner\">\t<span id=\"woocommerce_loop_add_to_cart_link_describedby_8488\" class=\"screen-reader-text\">\n\t\t\t<\/span>\n<\/div><a href=\"https:\/\/galerialarcada.com\/de\/product\/avio-vertical\/\" class=\"woocommerce-LoopProduct-link woocommerce-loop-product__link\"><\/a><\/div><div class=\"qodef-e-content\"><h5 class=\"qodef-woo-product-title woocommerce-loop-product__title\"><a href=\"https:\/\/galerialarcada.com\/de\/product\/avio-vertical\/\" class=\"woocommerce-LoopProduct-link woocommerce-loop-product__link\">Senkrechtflugzeug<\/a><\/h5>\n<button class=\"button wcq_enquiry_popup_btn\" data-product_id=\"8488\" data-fancybox data-src=\"#wcq_enquiry_cart_content_8488\">Preis pr\u00fcfen<\/button><\/div><\/div><\/li>\n<li class=\"product type-product post-8544 status-publish instock product_cat-obra-grafica product_tag-zush has-post-thumbnail product-type-simple\">\n\t<div class=\"qodef-e-inner\"><div class=\"qodef-e-media\"><div class=\"qodef-e-media-image\"><a href=\"https:\/\/galerialarcada.com\/de\/product\/eglundo\/\" class=\"woocommerce-LoopProduct-link woocommerce-loop-product__link\"><img loading=\"lazy\" decoding=\"async\" width=\"300\" height=\"300\" src=\"https:\/\/galerialarcada.com\/wp-content\/uploads\/2025\/08\/eglundo-scaled-300x300.jpg\" class=\"attachment-woocommerce_thumbnail size-woocommerce_thumbnail\" alt=\"Eglundo\" srcset=\"https:\/\/galerialarcada.com\/wp-content\/uploads\/2025\/08\/eglundo-scaled-300x300.jpg 300w, https:\/\/galerialarcada.com\/wp-content\/uploads\/2025\/08\/eglundo-scaled-100x100.jpg 100w\" sizes=\"(max-width: 300px) 100vw, 300px\" \/><\/a><\/div><div class=\"qodef-e-media-inner\">\t<span id=\"woocommerce_loop_add_to_cart_link_describedby_8544\" class=\"screen-reader-text\">\n\t\t\t<\/span>\n<\/div><a href=\"https:\/\/galerialarcada.com\/de\/product\/eglundo\/\" class=\"woocommerce-LoopProduct-link woocommerce-loop-product__link\"><\/a><\/div><div class=\"qodef-e-content\"><h5 class=\"qodef-woo-product-title woocommerce-loop-product__title\"><a href=\"https:\/\/galerialarcada.com\/de\/product\/eglundo\/\" class=\"woocommerce-LoopProduct-link woocommerce-loop-product__link\">Eglundo<\/a><\/h5>\n<button class=\"button wcq_enquiry_popup_btn\" data-product_id=\"8544\" data-fancybox data-src=\"#wcq_enquiry_cart_content_8544\">Preis pr\u00fcfen<\/button><\/div><\/div><\/li>\n<li class=\"product type-product post-8524 status-publish instock product_cat-obra-grafica product_tag-antoni-tapies has-post-thumbnail shipping-taxable product-type-simple\">\n\t<div class=\"qodef-e-inner\"><div class=\"qodef-e-media\"><div class=\"qodef-e-media-image\"><a href=\"https:\/\/galerialarcada.com\/de\/product\/s-t-20\/\" class=\"woocommerce-LoopProduct-link woocommerce-loop-product__link\"><img loading=\"lazy\" decoding=\"async\" width=\"300\" height=\"300\" src=\"https:\/\/galerialarcada.com\/wp-content\/uploads\/2025\/08\/st-23-300x300.jpg\" class=\"attachment-woocommerce_thumbnail size-woocommerce_thumbnail\" alt=\"ST\" srcset=\"https:\/\/galerialarcada.com\/wp-content\/uploads\/2025\/08\/st-23-300x300.jpg 300w, https:\/\/galerialarcada.com\/wp-content\/uploads\/2025\/08\/st-23-100x100.jpg 100w\" sizes=\"(max-width: 300px) 100vw, 300px\" \/><\/a><\/div><div class=\"qodef-e-media-inner\">\t<span id=\"woocommerce_loop_add_to_cart_link_describedby_8524\" class=\"screen-reader-text\">\n\t\t\t<\/span>\n<\/div><a href=\"https:\/\/galerialarcada.com\/de\/product\/s-t-20\/\" class=\"woocommerce-LoopProduct-link woocommerce-loop-product__link\"><\/a><\/div><div class=\"qodef-e-content\"><h5 class=\"qodef-woo-product-title woocommerce-loop-product__title\"><a href=\"https:\/\/galerialarcada.com\/de\/product\/s-t-20\/\" class=\"woocommerce-LoopProduct-link woocommerce-loop-product__link\">ST<\/a><\/h5>\n<button class=\"button wcq_enquiry_popup_btn\" data-product_id=\"8524\" data-fancybox data-src=\"#wcq_enquiry_cart_content_8524\">Preis pr\u00fcfen<\/button><\/div><\/div><\/li>\n<li class=\"product type-product post-8486 status-publish last instock product_cat-obra-grafica product_cat-pop-arte product_tag-sav-45 has-post-thumbnail purchasable product-type-simple\">\n\t<div class=\"qodef-e-inner\"><div class=\"qodef-e-media\"><div class=\"qodef-e-media-image\"><a href=\"https:\/\/galerialarcada.com\/de\/product\/red-glasses-2\/\" class=\"woocommerce-LoopProduct-link woocommerce-loop-product__link\"><img loading=\"lazy\" decoding=\"async\" width=\"300\" height=\"300\" src=\"https:\/\/galerialarcada.com\/wp-content\/uploads\/2025\/08\/red-glasses-1-300x300.jpg\" class=\"attachment-woocommerce_thumbnail size-woocommerce_thumbnail\" alt=\"Rote Brille\" srcset=\"https:\/\/galerialarcada.com\/wp-content\/uploads\/2025\/08\/red-glasses-1-300x300.jpg 300w, https:\/\/galerialarcada.com\/wp-content\/uploads\/2025\/08\/red-glasses-1-100x100.jpg 100w, https:\/\/galerialarcada.com\/wp-content\/uploads\/2025\/08\/red-glasses-1-600x600.jpg 600w, https:\/\/galerialarcada.com\/wp-content\/uploads\/2025\/08\/red-glasses-1.jpg 1500w\" sizes=\"(max-width: 300px) 100vw, 300px\" \/><\/a><\/div><div class=\"qodef-e-media-inner\"><a href=\"\/de\/wp-json\/wp\/v2\/pages\/8782?add-to-cart=8486\" aria-describedby=\"woocommerce_loop_add_to_cart_link_describedby_8486\" data-quantity=\"1\" class=\"button product_type_simple add_to_cart_button ajax_add_to_cart\" data-product_id=\"8486\" data-product_sku=\"b205cd1ed5b8\" aria-label=\"In den Warenkorb legen: \u201eRed glasses\u201c\" rel=\"nofollow\" data-success_message=\"\u201eRed glasses\u201c wurde deinem Warenkorb hinzugef\u00fcgt\" role=\"button\" data-no-translation=\"\" data-trp-gettext=\"\" data-no-translation-aria-label=\"\" data-no-translation-data-success_message=\"\">In den Warenkorb<\/a>\t<span id=\"woocommerce_loop_add_to_cart_link_describedby_8486\" class=\"screen-reader-text\">\n\t\t\t<\/span>\n<\/div><a href=\"https:\/\/galerialarcada.com\/de\/product\/red-glasses-2\/\" class=\"woocommerce-LoopProduct-link woocommerce-loop-product__link\"><\/a><\/div><div class=\"qodef-e-content\"><h5 class=\"qodef-woo-product-title woocommerce-loop-product__title\"><a href=\"https:\/\/galerialarcada.com\/de\/product\/red-glasses-2\/\" class=\"woocommerce-LoopProduct-link woocommerce-loop-product__link\">Rote Brille<\/a><\/h5>\n\t<span class=\"price\"><span class=\"woocommerce-Price-amount amount\"><bdi>550,00&nbsp;<span class=\"woocommerce-Price-currencySymbol\">\u20ac<\/span><\/bdi><\/span><\/span>\n<button class=\"button wcq_enquiry_popup_btn\" data-product_id=\"8486\" data-fancybox data-src=\"#wcq_enquiry_cart_content_8486\">Preis pr\u00fcfen<\/button><\/div><\/div><\/li>\n<li class=\"product type-product post-8502 status-publish first instock product_cat-obra-grafica product_tag-rafols-casamada has-post-thumbnail product-type-simple\">\n\t<div class=\"qodef-e-inner\"><div class=\"qodef-e-media\"><div class=\"qodef-e-media-image\"><a href=\"https:\/\/galerialarcada.com\/de\/product\/cami-de-primavera-4\/\" class=\"woocommerce-LoopProduct-link woocommerce-loop-product__link\"><img loading=\"lazy\" decoding=\"async\" width=\"300\" height=\"300\" src=\"https:\/\/galerialarcada.com\/wp-content\/uploads\/2025\/08\/cami-de-primavera-4-scaled-300x300.jpg\" class=\"attachment-woocommerce_thumbnail size-woocommerce_thumbnail\" alt=\"CAM\u00cd DE PRIMAVERA 4\" srcset=\"https:\/\/galerialarcada.com\/wp-content\/uploads\/2025\/08\/cami-de-primavera-4-scaled-300x300.jpg 300w, https:\/\/galerialarcada.com\/wp-content\/uploads\/2025\/08\/cami-de-primavera-4-scaled-100x100.jpg 100w\" sizes=\"(max-width: 300px) 100vw, 300px\" \/><\/a><\/div><div class=\"qodef-e-media-inner\">\t<span id=\"woocommerce_loop_add_to_cart_link_describedby_8502\" class=\"screen-reader-text\">\n\t\t\t<\/span>\n<\/div><a href=\"https:\/\/galerialarcada.com\/de\/product\/cami-de-primavera-4\/\" class=\"woocommerce-LoopProduct-link woocommerce-loop-product__link\"><\/a><\/div><div class=\"qodef-e-content\"><h5 class=\"qodef-woo-product-title woocommerce-loop-product__title\"><a href=\"https:\/\/galerialarcada.com\/de\/product\/cami-de-primavera-4\/\" class=\"woocommerce-LoopProduct-link woocommerce-loop-product__link\">CAM\u00cd DE PRIMAVERA 4<\/a><\/h5>\n<button class=\"button wcq_enquiry_popup_btn\" data-product_id=\"8502\" data-fancybox data-src=\"#wcq_enquiry_cart_content_8502\">Preis pr\u00fcfen<\/button><\/div><\/div><\/li>\n<li class=\"product type-product post-8536 status-publish instock product_cat-obra-grafica product_tag-rafols-casamada has-post-thumbnail product-type-simple\">\n\t<div class=\"qodef-e-inner\"><div class=\"qodef-e-media\"><div class=\"qodef-e-media-image\"><a href=\"https:\/\/galerialarcada.com\/de\/product\/rosat-klee\/\" class=\"woocommerce-LoopProduct-link woocommerce-loop-product__link\"><img loading=\"lazy\" decoding=\"async\" width=\"300\" height=\"300\" src=\"https:\/\/galerialarcada.com\/wp-content\/uploads\/2025\/08\/rosat-klee-300x300.jpg\" class=\"attachment-woocommerce_thumbnail size-woocommerce_thumbnail\" alt=\"Rosat Klee\" srcset=\"https:\/\/galerialarcada.com\/wp-content\/uploads\/2025\/08\/rosat-klee-300x300.jpg 300w, https:\/\/galerialarcada.com\/wp-content\/uploads\/2025\/08\/rosat-klee-100x100.jpg 100w\" sizes=\"(max-width: 300px) 100vw, 300px\" \/><\/a><\/div><div class=\"qodef-e-media-inner\">\t<span id=\"woocommerce_loop_add_to_cart_link_describedby_8536\" class=\"screen-reader-text\">\n\t\t\t<\/span>\n<\/div><a href=\"https:\/\/galerialarcada.com\/de\/product\/rosat-klee\/\" class=\"woocommerce-LoopProduct-link woocommerce-loop-product__link\"><\/a><\/div><div class=\"qodef-e-content\"><h5 class=\"qodef-woo-product-title woocommerce-loop-product__title\"><a href=\"https:\/\/galerialarcada.com\/de\/product\/rosat-klee\/\" class=\"woocommerce-LoopProduct-link woocommerce-loop-product__link\">Rosat Klee<\/a><\/h5>\n<button class=\"button wcq_enquiry_popup_btn\" data-product_id=\"8536\" data-fancybox data-src=\"#wcq_enquiry_cart_content_8536\">Preis pr\u00fcfen<\/button><\/div><\/div><\/li>\n<li class=\"product type-product post-8540 status-publish instock product_cat-obra-grafica product_tag-rafols-casamada has-post-thumbnail product-type-simple\">\n\t<div class=\"qodef-e-inner\"><div class=\"qodef-e-media\"><div class=\"qodef-e-media-image\"><a href=\"https:\/\/galerialarcada.com\/de\/product\/groc-van-gogh\/\" class=\"woocommerce-LoopProduct-link woocommerce-loop-product__link\"><img loading=\"lazy\" decoding=\"async\" width=\"300\" height=\"300\" src=\"https:\/\/galerialarcada.com\/wp-content\/uploads\/2025\/08\/groc-van-gogh-300x300.jpg\" class=\"attachment-woocommerce_thumbnail size-woocommerce_thumbnail\" alt=\"Groc Van Gogh\" srcset=\"https:\/\/galerialarcada.com\/wp-content\/uploads\/2025\/08\/groc-van-gogh-300x300.jpg 300w, https:\/\/galerialarcada.com\/wp-content\/uploads\/2025\/08\/groc-van-gogh-100x100.jpg 100w\" sizes=\"(max-width: 300px) 100vw, 300px\" \/><\/a><\/div><div class=\"qodef-e-media-inner\">\t<span id=\"woocommerce_loop_add_to_cart_link_describedby_8540\" class=\"screen-reader-text\">\n\t\t\t<\/span>\n<\/div><a href=\"https:\/\/galerialarcada.com\/de\/product\/groc-van-gogh\/\" class=\"woocommerce-LoopProduct-link woocommerce-loop-product__link\"><\/a><\/div><div class=\"qodef-e-content\"><h5 class=\"qodef-woo-product-title woocommerce-loop-product__title\"><a href=\"https:\/\/galerialarcada.com\/de\/product\/groc-van-gogh\/\" class=\"woocommerce-LoopProduct-link woocommerce-loop-product__link\">Groc Van Gogh<\/a><\/h5>\n<button class=\"button wcq_enquiry_popup_btn\" data-product_id=\"8540\" data-fancybox data-src=\"#wcq_enquiry_cart_content_8540\">Preis pr\u00fcfen<\/button><\/div><\/div><\/li>\n<li class=\"product type-product post-8506 status-publish last instock product_cat-obra-grafica product_tag-josep-riera-i-arago has-post-thumbnail product-type-simple\">\n\t<div class=\"qodef-e-inner\"><div class=\"qodef-e-media\"><div class=\"qodef-e-media-image\"><a href=\"https:\/\/galerialarcada.com\/de\/product\/avio-verd\/\" class=\"woocommerce-LoopProduct-link woocommerce-loop-product__link\"><img loading=\"lazy\" decoding=\"async\" width=\"300\" height=\"300\" src=\"https:\/\/galerialarcada.com\/wp-content\/uploads\/2025\/08\/avio-verd-300x300.jpg\" class=\"attachment-woocommerce_thumbnail size-woocommerce_thumbnail\" alt=\"Gr\u00fcnes Flugzeug\" srcset=\"https:\/\/galerialarcada.com\/wp-content\/uploads\/2025\/08\/avio-verd-300x300.jpg 300w, https:\/\/galerialarcada.com\/wp-content\/uploads\/2025\/08\/avio-verd-100x100.jpg 100w\" sizes=\"(max-width: 300px) 100vw, 300px\" \/><\/a><\/div><div class=\"qodef-e-media-inner\">\t<span id=\"woocommerce_loop_add_to_cart_link_describedby_8506\" class=\"screen-reader-text\">\n\t\t\t<\/span>\n<\/div><a href=\"https:\/\/galerialarcada.com\/de\/product\/avio-verd\/\" class=\"woocommerce-LoopProduct-link woocommerce-loop-product__link\"><\/a><\/div><div class=\"qodef-e-content\"><h5 class=\"qodef-woo-product-title woocommerce-loop-product__title\"><a href=\"https:\/\/galerialarcada.com\/de\/product\/avio-verd\/\" class=\"woocommerce-LoopProduct-link woocommerce-loop-product__link\">Gr\u00fcnes Flugzeug<\/a><\/h5>\n<button class=\"button wcq_enquiry_popup_btn\" data-product_id=\"8506\" data-fancybox data-src=\"#wcq_enquiry_cart_content_8506\">Preis pr\u00fcfen<\/button><\/div><\/div><\/li>\n<\/ul>\n<\/div><\/div>\t\t\t\t<\/div>\n\t\t\t\t<\/div>\n\t\t\t\t\t<\/div>\n\t\t\t\t<\/div>\n\t\t\t\t<\/div>","protected":false},"excerpt":{"rendered":"<p>Kcho Kcho (Alexis Leiva Machado, Isla de la Juventud, Kuba, 1970) z\u00e4hlt zu den einflussreichsten zeitgen\u00f6ssischen K\u00fcnstlern Lateinamerikas. Als Maler, Bildhauer, Grafiker und Installationsk\u00fcnstler hat er eine internationale Karriere aufgebaut, in der die Grafik einen zentralen Platz in seiner k\u00fcnstlerischen Sprache einnimmt. Er absolvierte seine Ausbildung an der Nationalen Kunsthochschule von La [\u2026]<\/p>","protected":false},"author":1,"featured_media":0,"parent":0,"menu_order":0,"comment_status":"closed","ping_status":"closed","template":"","meta":{"_acf_changed":false,"footnotes":""},"class_list":["post-8782","page","type-page","status-publish","hentry"],"acf":[],"_links":{"self":[{"href":"https:\/\/galerialarcada.com\/de\/wp-json\/wp\/v2\/pages\/8782","targetHints":{"allow":["GET"]}}],"collection":[{"href":"https:\/\/galerialarcada.com\/de\/wp-json\/wp\/v2\/pages"}],"about":[{"href":"https:\/\/galerialarcada.com\/de\/wp-json\/wp\/v2\/types\/page"}],"author":[{"embeddable":true,"href":"https:\/\/galerialarcada.com\/de\/wp-json\/wp\/v2\/users\/1"}],"replies":[{"embeddable":true,"href":"https:\/\/galerialarcada.com\/de\/wp-json\/wp\/v2\/comments?post=8782"}],"version-history":[{"count":4,"href":"https:\/\/galerialarcada.com\/de\/wp-json\/wp\/v2\/pages\/8782\/revisions"}],"predecessor-version":[{"id":8788,"href":"https:\/\/galerialarcada.com\/de\/wp-json\/wp\/v2\/pages\/8782\/revisions\/8788"}],"wp:attachment":[{"href":"https:\/\/galerialarcada.com\/de\/wp-json\/wp\/v2\/media?parent=8782"}],"curies":[{"name":"wp","href":"https:\/\/api.w.org\/{rel}","templated":true}]}}