{"id":8796,"date":"2025-08-21T15:05:17","date_gmt":"2025-08-21T15:05:17","guid":{"rendered":"http:\/\/galerialarcada.com\/?page_id=8796"},"modified":"2025-08-21T15:18:02","modified_gmt":"2025-08-21T15:18:02","slug":"zush","status":"publish","type":"page","link":"https:\/\/galerialarcada.com\/de\/zush\/","title":{"rendered":"Zush"},"content":{"rendered":"<div data-elementor-type=\"wp-page\" data-elementor-id=\"8796\" class=\"elementor elementor-8796\" data-elementor-post-type=\"page\">\n\t\t\t\t<div class=\"elementor-element elementor-element-22eb84cc e-con-full e-flex e-con e-parent\" data-id=\"22eb84cc\" data-element_type=\"container\">\n\t\t\t\t<div class=\"elementor-element elementor-element-d4ff7a5 elementor-widget__width-initial elementor-widget elementor-widget-kahlo_core_section_title\" data-id=\"d4ff7a5\" data-element_type=\"widget\" data-widget_type=\"kahlo_core_section_title.default\">\n\t\t\t\t<div class=\"elementor-widget-container\">\n\t\t\t\t\t<div class=\"qodef-shortcode qodef-m qodef-section-title qodef-alignment--center\">\n\t\t<h1 class=\"qodef-m-title\" >\n\t\t\t\t\tZush\t\t\t<\/h1>\n\t    \n<\/div>\n\t\t\t\t<\/div>\n\t\t\t\t<\/div>\n\t\t\t\t<\/div>\n\t\t<div class=\"elementor-element elementor-element-80c0cc5 e-con-full e-grid e-con e-parent\" data-id=\"80c0cc5\" data-element_type=\"container\">\n\t\t\t\t<div class=\"elementor-element elementor-element-3b3e939e elementor-widget elementor-widget-kahlo_core_single_image\" data-id=\"3b3e939e\" data-element_type=\"widget\" data-widget_type=\"kahlo_core_single_image.default\">\n\t\t\t\t<div class=\"elementor-widget-container\">\n\t\t\t\t\t<div class=\"qodef-shortcode qodef-m qodef-single-image qodef-layout--default\">\n\t\t\t<div class=\"qodef-m-image\">\n\t\t\t\t\t\t\t\t<img fetchpriority=\"high\" decoding=\"async\" width=\"267\" height=\"300\" src=\"https:\/\/galerialarcada.com\/wp-content\/uploads\/2025\/08\/ZUSH-267x300.jpg\" class=\"attachment-medium size-medium\" alt=\"Zush\" srcset=\"https:\/\/galerialarcada.com\/wp-content\/uploads\/2025\/08\/ZUSH-267x300.jpg 267w, https:\/\/galerialarcada.com\/wp-content\/uploads\/2025\/08\/ZUSH-600x674.jpg 600w, https:\/\/galerialarcada.com\/wp-content\/uploads\/2025\/08\/ZUSH-912x1024.jpg 912w, https:\/\/galerialarcada.com\/wp-content\/uploads\/2025\/08\/ZUSH-768x863.jpg 768w, https:\/\/galerialarcada.com\/wp-content\/uploads\/2025\/08\/ZUSH-11x12.jpg 11w, https:\/\/galerialarcada.com\/wp-content\/uploads\/2025\/08\/ZUSH.jpg 1257w\" sizes=\"(max-width: 267px) 100vw, 267px\" \/>\t\t\t\t\t\t\t<\/div>\n\t<\/div>\n\t\t\t\t<\/div>\n\t\t\t\t<\/div>\n\t\t\t\t<div class=\"elementor-element elementor-element-2d961b67 elementor-widget elementor-widget-text-editor\" data-id=\"2d961b67\" data-element_type=\"widget\" data-widget_type=\"text-editor.default\">\n\t\t\t\t\t\t\t\t\t<p data-start=\"178\" data-end=\"670\"><strong data-start=\"178\" data-end=\"232\">Zush, Pseudonym von Alberto Porta (Barcelona, 1946)<\/strong>, Er ist ein Autodidakt, der sp\u00e4ter den Namen annahm <strong data-start=\"299\" data-end=\"307\">Evru<\/strong>, das sich selbst definiert als <strong data-start=\"327\" data-end=\"341\">ArtCieMist<\/strong>, Eine Verschmelzung von K\u00fcnstler, Wissenschaftler und Mystiker. Sein einzigartiger Werdegang hat ihn zu einem der au\u00dfergew\u00f6hnlichsten Sch\u00f6pfer zeitgen\u00f6ssischer spanischer Kunst gemacht, der international in Museen wie dem <strong data-start=\"548\" data-end=\"570\">MoMA in New York<\/strong>, Er <strong data-start=\"575\" data-end=\"603\">Centre Pompidou in Paris<\/strong>, Er <strong data-start=\"608\" data-end=\"630\">MACBA von Barcelona<\/strong> oder die <strong data-start=\"636\" data-end=\"667\">Reina Sof\u00eda Museum in Madrid<\/strong>.<\/p><p data-start=\"672\" data-end=\"1176\">Der <strong data-start=\"675\" data-end=\"699\">Grafische Gestaltung von Zush<\/strong> Es nimmt einen wesentlichen Platz in seinem Werk ein, in dem er Zeichnung, Gravur und Mischtechniken kombiniert, um ihnen Form zu geben. <strong data-start=\"812\" data-end=\"839\">Evrugos Geisteszustand<\/strong>, Ein pers\u00f6nliches Universum, bev\u00f6lkert von hybriden Wesen, einer Mischung aus Mensch und Fantasie. Seine grafischen Bilder, durchdrungen von Psychedelik, Symbolik und einem Comic-Stil, zeigen die Bewohner dieses erfundenen Reiches und bedienen sich dabei einer visuellen Erz\u00e4hlweise, die sich an \u2026 orientiert. <strong data-start=\"1109\" data-end=\"1124\">Surrealismus<\/strong> und aus den Experimenten der Gruppe <strong data-start=\"1159\" data-end=\"1173\">Dau al Set<\/strong>.<\/p><p data-start=\"1178\" data-end=\"1636\">Im Jahr 2001, nach der Ausstellung <em data-start=\"1206\" data-end=\"1214\">TECURA<\/em> Bei MACBA legte Zush seiner neuen Identit\u00e4t Platz als <strong data-start=\"1268\" data-end=\"1276\">Evru<\/strong>, Eine konzeptionelle Wiedergeburt, mit der er seine integrative Vision von Kunst, Wissenschaft und Spiritualit\u00e4t bekr\u00e4ftigte. <strong data-start=\"1388\" data-end=\"1421\">Stiche und grafische Editionen<\/strong> Sie spiegeln diesen Wandel wider, mit einer sich st\u00e4ndig weiterentwickelnden Bildsprache, die Tradition, Psychologie und Technologie miteinander verbindet und sogar aus Kooperationen mit der [fehlende Information] hervorgeht. <strong data-start=\"1586\" data-end=\"1633\">Massachusetts Institute of Technology (MIT)<\/strong>.<\/p><p data-start=\"1638\" data-end=\"1836\">Zush-Evrus grafische Arbeiten gelten bis heute als Ma\u00dfstab zeitgen\u00f6ssischer Experimentierfreude und werden sowohl von Sammlern als auch von bedeutenden internationalen Kunstinstitutionen anerkannt.<\/p>\t\t\t\t\t\t\t\t<\/div>\n\t\t\t\t<\/div>\n\t\t<div class=\"elementor-element elementor-element-4fc599d9 e-con-full e-flex e-con e-parent\" data-id=\"4fc599d9\" data-element_type=\"container\">\n\t\t\t\t<div class=\"elementor-element elementor-element-70f6e6ac elementor-widget elementor-widget-kahlo_core_custom_font\" data-id=\"70f6e6ac\" data-element_type=\"widget\" data-widget_type=\"kahlo_core_custom_font.default\">\n\t\t\t\t<div class=\"elementor-widget-container\">\n\t\t\t\t\t<p class=\"qodef-shortcode qodef-m qodef-custom-font qodef-custom-font-693 qodef-layout--simple\" style=\"font-family: Space Grotesk;font-size: 49px;line-height: 49px;letter-spacing: -0.05em;font-weight: 500\">Werke von Zush<\/p>\n\t\t\t\t<\/div>\n\t\t\t\t<\/div>\n\t\t\t\t<\/div>\n\t\t<div class=\"elementor-element elementor-element-31e29449 e-flex e-con-boxed e-con e-parent\" data-id=\"31e29449\" data-element_type=\"container\">\n\t\t\t\t\t<div class=\"e-con-inner\">\n\t\t\t\t<div class=\"elementor-element elementor-element-624ac9c elementor-widget elementor-widget-kahlo_core_product_list\" data-id=\"624ac9c\" data-element_type=\"widget\" data-widget_type=\"kahlo_core_product_list.default\">\n\t\t\t\t<div class=\"elementor-widget-container\">\n\t\t\t\t\t<div class=\"qodef-shortcode qodef-m produ qodef-woo-shortcode qodef-woo-product-list qodef-item-layout--info-below qodef-grid qodef-layout--masonry qodef-col-num--3 qodef-item-layout--info-below qodef-pagination--on qodef-pagination-type--infinite-scroll qodef-responsive--predefined qodef-swiper--show-pagination\"  data-options=\"{&quot;plugin&quot;:&quot;kahlo_core&quot;,&quot;module&quot;:&quot;plugins\\\/woocommerce\\\/shortcodes&quot;,&quot;shortcode&quot;:&quot;product-list&quot;,&quot;post_type&quot;:&quot;product&quot;,&quot;next_page&quot;:&quot;2&quot;,&quot;max_pages_num&quot;:1,&quot;custom_class&quot;:&quot;produ&quot;,&quot;behavior&quot;:&quot;masonry&quot;,&quot;images_proportion&quot;:&quot;full&quot;,&quot;columns&quot;:&quot;3&quot;,&quot;columns_responsive&quot;:&quot;predefined&quot;,&quot;columns_1512&quot;:&quot;3&quot;,&quot;columns_1440&quot;:&quot;3&quot;,&quot;columns_1366&quot;:&quot;3&quot;,&quot;columns_1024&quot;:&quot;3&quot;,&quot;columns_768&quot;:&quot;3&quot;,&quot;columns_680&quot;:&quot;3&quot;,&quot;columns_480&quot;:&quot;3&quot;,&quot;parallax_item&quot;:&quot;yes&quot;,&quot;posts_per_page&quot;:&quot;9&quot;,&quot;orderby&quot;:&quot;name&quot;,&quot;order&quot;:&quot;DESC&quot;,&quot;additional_params&quot;:&quot;tax&quot;,&quot;tax&quot;:&quot;product_tag&quot;,&quot;tax_slug&quot;:&quot;Zush&quot;,&quot;layout&quot;:&quot;info-below&quot;,&quot;title_tag&quot;:&quot;h4&quot;,&quot;enable_filter&quot;:&quot;no&quot;,&quot;full_width_filter&quot;:&quot;no&quot;,&quot;pagination_type&quot;:&quot;infinite-scroll&quot;,&quot;object_class_name&quot;:&quot;KahloCore_Product_List_Shortcode&quot;,&quot;taxonomy_filter&quot;:&quot;product_tag&quot;,&quot;additional_query_args&quot;:{&quot;tax_query&quot;:[{&quot;taxonomy&quot;:&quot;product_tag&quot;,&quot;field&quot;:&quot;slug&quot;,&quot;terms&quot;:&quot;Zush&quot;}]},&quot;holder_styles&quot;:[]}\">\n\t\t<ul class=\"qodef-grid-inner\">\n\t\t\t<div class=\"qodef-grid-masonry-sizer\"><\/div>\n<li class=\"qodef-e qodef-grid-item qodef-parallax-item product type-product post-8544 status-publish first instock product_cat-obra-grafica product_tag-zush has-post-thumbnail product-type-simple\">\n\t<div class=\"qodef-e-inner\">\n\t\t\t\t\t<div class=\"qodef-e-media\">\n\t\t\t\t\t<div class=\"qodef-e-media-image\">\n\t\t<a href=\"https:\/\/galerialarcada.com\/de\/product\/eglundo\/\" class=\"woocommerce-LoopProduct-link woocommerce-loop-product__link\">\t\t\t\t\t\t<img decoding=\"async\" width=\"300\" height=\"300\" src=\"https:\/\/galerialarcada.com\/wp-content\/uploads\/2025\/08\/eglundo-scaled-300x300.jpg\" class=\"attachment-woocommerce_thumbnail size-woocommerce_thumbnail wp-post-image\" alt=\"\" srcset=\"https:\/\/galerialarcada.com\/wp-content\/uploads\/2025\/08\/eglundo-scaled-300x300.jpg 300w, https:\/\/galerialarcada.com\/wp-content\/uploads\/2025\/08\/eglundo-scaled-100x100.jpg 100w\" sizes=\"(max-width: 300px) 100vw, 300px\" \/>\t\t<\/a>\t<\/div>\n\t\t\t\t<div class=\"qodef-e-media-inner\">\n\t\t\t\t\t\t<span id=\"woocommerce_loop_add_to_cart_link_describedby_8544\" class=\"screen-reader-text\">\n\t\t\t<\/span>\n\t\t\t\t<\/div>\n\t\t\t\t<a href=\"https:\/\/galerialarcada.com\/de\/product\/eglundo\/\" class=\"woocommerce-LoopProduct-link woocommerce-loop-product__link\"><\/a>\t\t\t<\/div>\n\t\t\t\t<div class=\"qodef-e-content\">\n\t\t\t<h4 itemprop=\"name\" class=\"qodef-woo-product-title entry-title\" >\n\t<a itemprop=\"url\" class=\"qodef-woo-product-title-link\" href=\"https:\/\/galerialarcada.com\/de\/product\/eglundo\/\">\n\t\tEglundo\t<\/a>\n<\/h4>\n\t\t\t\t\t\t\t\t<\/div>\n\t<\/div>\n<\/li>\n\t<\/ul>\n\t<\/div>\n\t\t\t\t<\/div>\n\t\t\t\t<\/div>\n\t\t\t\t<div class=\"elementor-element elementor-element-6fd9b580 elementor-widget elementor-widget-kahlo_core_custom_font\" data-id=\"6fd9b580\" data-element_type=\"widget\" data-widget_type=\"kahlo_core_custom_font.default\">\n\t\t\t\t<div class=\"elementor-widget-container\">\n\t\t\t\t\t<p class=\"qodef-shortcode qodef-m qodef-custom-font qodef-custom-font-429 qodef-layout--simple\" style=\"font-family: Space Grotesk;font-size: 49px;line-height: 49px\">Werke anderer Grafiker<\/p>\n\t\t\t\t<\/div>\n\t\t\t\t<\/div>\n\t\t\t\t<div class=\"elementor-element elementor-element-5dead482 elementor-grid-4 elementor-grid-tablet-3 elementor-grid-mobile-2 elementor-products-grid elementor-wc-products elementor-widget elementor-widget-woocommerce-products\" data-id=\"5dead482\" data-element_type=\"widget\" data-widget_type=\"woocommerce-products.default\">\n\t\t\t\t<div class=\"elementor-widget-container\">\n\t\t\t\t\t<div class=\"woocommerce columns-4\"><div class=\"qodef-woo-product-list qodef-item-layout--info-below qodef-gutter--great qodef-vertical-gutter--normal\" ><ul class=\"products elementor-grid columns-4\">\n<li class=\"product type-product post-8512 status-publish first instock product_cat-obra-grafica product_tag-huai-qing-wang has-post-thumbnail product-type-simple\">\n\t<div class=\"qodef-e-inner\"><div class=\"qodef-e-media\"><div class=\"qodef-e-media-image\"><a href=\"https:\/\/galerialarcada.com\/de\/product\/andando\/\" class=\"woocommerce-LoopProduct-link woocommerce-loop-product__link\"><img decoding=\"async\" width=\"300\" height=\"300\" src=\"https:\/\/galerialarcada.com\/wp-content\/uploads\/2025\/08\/andando-300x300.jpg\" class=\"attachment-woocommerce_thumbnail size-woocommerce_thumbnail\" alt=\"Gehen\" srcset=\"https:\/\/galerialarcada.com\/wp-content\/uploads\/2025\/08\/andando-300x300.jpg 300w, https:\/\/galerialarcada.com\/wp-content\/uploads\/2025\/08\/andando-100x100.jpg 100w\" sizes=\"(max-width: 300px) 100vw, 300px\" \/><\/a><\/div><div class=\"qodef-e-media-inner\">\t<span id=\"woocommerce_loop_add_to_cart_link_describedby_8512\" class=\"screen-reader-text\">\n\t\t\t<\/span>\n<\/div><a href=\"https:\/\/galerialarcada.com\/de\/product\/andando\/\" class=\"woocommerce-LoopProduct-link woocommerce-loop-product__link\"><\/a><\/div><div class=\"qodef-e-content\"><h5 class=\"qodef-woo-product-title woocommerce-loop-product__title\"><a href=\"https:\/\/galerialarcada.com\/de\/product\/andando\/\" class=\"woocommerce-LoopProduct-link woocommerce-loop-product__link\">Gehen<\/a><\/h5>\n<button class=\"button wcq_enquiry_popup_btn\" data-product_id=\"8512\" data-fancybox data-src=\"#wcq_enquiry_cart_content_8512\">Preis pr\u00fcfen<\/button><\/div><\/div><\/li>\n<li class=\"product type-product post-8526 status-publish instock product_cat-obra-grafica product_tag-jaume-plensa has-post-thumbnail shipping-taxable product-type-simple\">\n\t<div class=\"qodef-e-inner\"><div class=\"qodef-e-media\"><div class=\"qodef-e-media-image\"><a href=\"https:\/\/galerialarcada.com\/de\/product\/serie-picasso\/\" class=\"woocommerce-LoopProduct-link woocommerce-loop-product__link\"><img loading=\"lazy\" decoding=\"async\" width=\"300\" height=\"300\" src=\"https:\/\/galerialarcada.com\/wp-content\/uploads\/2025\/08\/serie-picasso-300x300.jpg\" class=\"attachment-woocommerce_thumbnail size-woocommerce_thumbnail\" alt=\"PICASSO-SERIE\" srcset=\"https:\/\/galerialarcada.com\/wp-content\/uploads\/2025\/08\/serie-picasso-300x300.jpg 300w, https:\/\/galerialarcada.com\/wp-content\/uploads\/2025\/08\/serie-picasso-100x100.jpg 100w\" sizes=\"(max-width: 300px) 100vw, 300px\" \/><\/a><\/div><div class=\"qodef-e-media-inner\">\t<span id=\"woocommerce_loop_add_to_cart_link_describedby_8526\" class=\"screen-reader-text\">\n\t\t\t<\/span>\n<\/div><a href=\"https:\/\/galerialarcada.com\/de\/product\/serie-picasso\/\" class=\"woocommerce-LoopProduct-link woocommerce-loop-product__link\"><\/a><\/div><div class=\"qodef-e-content\"><h5 class=\"qodef-woo-product-title woocommerce-loop-product__title\"><a href=\"https:\/\/galerialarcada.com\/de\/product\/serie-picasso\/\" class=\"woocommerce-LoopProduct-link woocommerce-loop-product__link\">PICASSO-SERIE<\/a><\/h5>\n<button class=\"button wcq_enquiry_popup_btn\" data-product_id=\"8526\" data-fancybox data-src=\"#wcq_enquiry_cart_content_8526\">Preis pr\u00fcfen<\/button><\/div><\/div><\/li>\n<li class=\"product type-product post-8542 status-publish instock product_cat-obra-grafica product_tag-kcho has-post-thumbnail product-type-simple\">\n\t<div class=\"qodef-e-inner\"><div class=\"qodef-e-media\"><div class=\"qodef-e-media-image\"><a href=\"https:\/\/galerialarcada.com\/de\/product\/regresa-vida-mia-que-te-espero\/\" class=\"woocommerce-LoopProduct-link woocommerce-loop-product__link\"><img loading=\"lazy\" decoding=\"async\" width=\"300\" height=\"300\" src=\"https:\/\/galerialarcada.com\/wp-content\/uploads\/2025\/08\/regresa-vida-mia-que-te-espero-300x300.jpg\" class=\"attachment-woocommerce_thumbnail size-woocommerce_thumbnail\" alt=\"Komm zur\u00fcck in mein Leben, ich warte auf dich.\" srcset=\"https:\/\/galerialarcada.com\/wp-content\/uploads\/2025\/08\/regresa-vida-mia-que-te-espero-300x300.jpg 300w, https:\/\/galerialarcada.com\/wp-content\/uploads\/2025\/08\/regresa-vida-mia-que-te-espero-100x100.jpg 100w\" sizes=\"(max-width: 300px) 100vw, 300px\" \/><\/a><\/div><div class=\"qodef-e-media-inner\">\t<span id=\"woocommerce_loop_add_to_cart_link_describedby_8542\" class=\"screen-reader-text\">\n\t\t\t<\/span>\n<\/div><a href=\"https:\/\/galerialarcada.com\/de\/product\/regresa-vida-mia-que-te-espero\/\" class=\"woocommerce-LoopProduct-link woocommerce-loop-product__link\"><\/a><\/div><div class=\"qodef-e-content\"><h5 class=\"qodef-woo-product-title woocommerce-loop-product__title\"><a href=\"https:\/\/galerialarcada.com\/de\/product\/regresa-vida-mia-que-te-espero\/\" class=\"woocommerce-LoopProduct-link woocommerce-loop-product__link\">Komm zur\u00fcck in mein Leben, ich warte auf dich.<\/a><\/h5>\n<button class=\"button wcq_enquiry_popup_btn\" data-product_id=\"8542\" data-fancybox data-src=\"#wcq_enquiry_cart_content_8542\">Preis pr\u00fcfen<\/button><\/div><\/div><\/li>\n<li class=\"product type-product post-8486 status-publish last instock product_cat-obra-grafica product_cat-pop-arte product_tag-sav-45 has-post-thumbnail purchasable product-type-simple\">\n\t<div class=\"qodef-e-inner\"><div class=\"qodef-e-media\"><div class=\"qodef-e-media-image\"><a href=\"https:\/\/galerialarcada.com\/de\/product\/red-glasses-2\/\" class=\"woocommerce-LoopProduct-link woocommerce-loop-product__link\"><img loading=\"lazy\" decoding=\"async\" width=\"300\" height=\"300\" src=\"https:\/\/galerialarcada.com\/wp-content\/uploads\/2025\/08\/red-glasses-1-300x300.jpg\" class=\"attachment-woocommerce_thumbnail size-woocommerce_thumbnail\" alt=\"Rote Brille\" srcset=\"https:\/\/galerialarcada.com\/wp-content\/uploads\/2025\/08\/red-glasses-1-300x300.jpg 300w, https:\/\/galerialarcada.com\/wp-content\/uploads\/2025\/08\/red-glasses-1-100x100.jpg 100w, https:\/\/galerialarcada.com\/wp-content\/uploads\/2025\/08\/red-glasses-1-600x600.jpg 600w, https:\/\/galerialarcada.com\/wp-content\/uploads\/2025\/08\/red-glasses-1.jpg 1500w\" sizes=\"(max-width: 300px) 100vw, 300px\" \/><\/a><\/div><div class=\"qodef-e-media-inner\"><a href=\"\/de\/wp-json\/wp\/v2\/pages\/8796?add-to-cart=8486\" aria-describedby=\"woocommerce_loop_add_to_cart_link_describedby_8486\" data-quantity=\"1\" class=\"button product_type_simple add_to_cart_button ajax_add_to_cart\" data-product_id=\"8486\" data-product_sku=\"b205cd1ed5b8\" aria-label=\"In den Warenkorb legen: \u201eRed glasses\u201c\" rel=\"nofollow\" data-success_message=\"\u201eRed glasses\u201c wurde deinem Warenkorb hinzugef\u00fcgt\" role=\"button\" data-no-translation=\"\" data-trp-gettext=\"\" data-no-translation-aria-label=\"\" data-no-translation-data-success_message=\"\">In den Warenkorb<\/a>\t<span id=\"woocommerce_loop_add_to_cart_link_describedby_8486\" class=\"screen-reader-text\">\n\t\t\t<\/span>\n<\/div><a href=\"https:\/\/galerialarcada.com\/de\/product\/red-glasses-2\/\" class=\"woocommerce-LoopProduct-link woocommerce-loop-product__link\"><\/a><\/div><div class=\"qodef-e-content\"><h5 class=\"qodef-woo-product-title woocommerce-loop-product__title\"><a href=\"https:\/\/galerialarcada.com\/de\/product\/red-glasses-2\/\" class=\"woocommerce-LoopProduct-link woocommerce-loop-product__link\">Rote Brille<\/a><\/h5>\n\t<span class=\"price\"><span class=\"woocommerce-Price-amount amount\"><bdi>550,00&nbsp;<span class=\"woocommerce-Price-currencySymbol\">\u20ac<\/span><\/bdi><\/span><\/span>\n<button class=\"button wcq_enquiry_popup_btn\" data-product_id=\"8486\" data-fancybox data-src=\"#wcq_enquiry_cart_content_8486\">Preis pr\u00fcfen<\/button><\/div><\/div><\/li>\n<li class=\"product type-product post-8528 status-publish first instock product_cat-obra-grafica product_tag-antoni-tapies has-post-thumbnail product-type-simple\">\n\t<div class=\"qodef-e-inner\"><div class=\"qodef-e-media\"><div class=\"qodef-e-media-image\"><a href=\"https:\/\/galerialarcada.com\/de\/product\/a-t\/\" class=\"woocommerce-LoopProduct-link woocommerce-loop-product__link\"><img loading=\"lazy\" decoding=\"async\" width=\"300\" height=\"300\" src=\"https:\/\/galerialarcada.com\/wp-content\/uploads\/2025\/08\/a-t-300x300.jpg\" class=\"attachment-woocommerce_thumbnail size-woocommerce_thumbnail\" alt=\"BEI\" srcset=\"https:\/\/galerialarcada.com\/wp-content\/uploads\/2025\/08\/a-t-300x300.jpg 300w, https:\/\/galerialarcada.com\/wp-content\/uploads\/2025\/08\/a-t-100x100.jpg 100w\" sizes=\"(max-width: 300px) 100vw, 300px\" \/><\/a><\/div><div class=\"qodef-e-media-inner\">\t<span id=\"woocommerce_loop_add_to_cart_link_describedby_8528\" class=\"screen-reader-text\">\n\t\t\t<\/span>\n<\/div><a href=\"https:\/\/galerialarcada.com\/de\/product\/a-t\/\" class=\"woocommerce-LoopProduct-link woocommerce-loop-product__link\"><\/a><\/div><div class=\"qodef-e-content\"><h5 class=\"qodef-woo-product-title woocommerce-loop-product__title\"><a href=\"https:\/\/galerialarcada.com\/de\/product\/a-t\/\" class=\"woocommerce-LoopProduct-link woocommerce-loop-product__link\">BEI<\/a><\/h5>\n<button class=\"button wcq_enquiry_popup_btn\" data-product_id=\"8528\" data-fancybox data-src=\"#wcq_enquiry_cart_content_8528\">Preis pr\u00fcfen<\/button><\/div><\/div><\/li>\n<li class=\"product type-product post-8492 status-publish instock product_cat-obra-grafica product_tag-josep-guinovart has-post-thumbnail product-type-simple\">\n\t<div class=\"qodef-e-inner\"><div class=\"qodef-e-media\"><div class=\"qodef-e-media-image\"><a href=\"https:\/\/galerialarcada.com\/de\/product\/llaurat-1\/\" class=\"woocommerce-LoopProduct-link woocommerce-loop-product__link\"><img loading=\"lazy\" decoding=\"async\" width=\"300\" height=\"300\" src=\"https:\/\/galerialarcada.com\/wp-content\/uploads\/2025\/08\/llaurat-1-scaled-300x300.jpg\" class=\"attachment-woocommerce_thumbnail size-woocommerce_thumbnail\" alt=\"LLAURAT 1\" srcset=\"https:\/\/galerialarcada.com\/wp-content\/uploads\/2025\/08\/llaurat-1-scaled-300x300.jpg 300w, https:\/\/galerialarcada.com\/wp-content\/uploads\/2025\/08\/llaurat-1-scaled-100x100.jpg 100w\" sizes=\"(max-width: 300px) 100vw, 300px\" \/><\/a><\/div><div class=\"qodef-e-media-inner\">\t<span id=\"woocommerce_loop_add_to_cart_link_describedby_8492\" class=\"screen-reader-text\">\n\t\t\t<\/span>\n<\/div><a href=\"https:\/\/galerialarcada.com\/de\/product\/llaurat-1\/\" class=\"woocommerce-LoopProduct-link woocommerce-loop-product__link\"><\/a><\/div><div class=\"qodef-e-content\"><h5 class=\"qodef-woo-product-title woocommerce-loop-product__title\"><a href=\"https:\/\/galerialarcada.com\/de\/product\/llaurat-1\/\" class=\"woocommerce-LoopProduct-link woocommerce-loop-product__link\">LLAURAT 1<\/a><\/h5>\n<button class=\"button wcq_enquiry_popup_btn\" data-product_id=\"8492\" data-fancybox data-src=\"#wcq_enquiry_cart_content_8492\">Preis pr\u00fcfen<\/button><\/div><\/div><\/li>\n<li class=\"product type-product post-8506 status-publish instock product_cat-obra-grafica product_tag-josep-riera-i-arago has-post-thumbnail product-type-simple\">\n\t<div class=\"qodef-e-inner\"><div class=\"qodef-e-media\"><div class=\"qodef-e-media-image\"><a href=\"https:\/\/galerialarcada.com\/de\/product\/avio-verd\/\" class=\"woocommerce-LoopProduct-link woocommerce-loop-product__link\"><img loading=\"lazy\" decoding=\"async\" width=\"300\" height=\"300\" src=\"https:\/\/galerialarcada.com\/wp-content\/uploads\/2025\/08\/avio-verd-300x300.jpg\" class=\"attachment-woocommerce_thumbnail size-woocommerce_thumbnail\" alt=\"Gr\u00fcnes Flugzeug\" srcset=\"https:\/\/galerialarcada.com\/wp-content\/uploads\/2025\/08\/avio-verd-300x300.jpg 300w, https:\/\/galerialarcada.com\/wp-content\/uploads\/2025\/08\/avio-verd-100x100.jpg 100w\" sizes=\"(max-width: 300px) 100vw, 300px\" \/><\/a><\/div><div class=\"qodef-e-media-inner\">\t<span id=\"woocommerce_loop_add_to_cart_link_describedby_8506\" class=\"screen-reader-text\">\n\t\t\t<\/span>\n<\/div><a href=\"https:\/\/galerialarcada.com\/de\/product\/avio-verd\/\" class=\"woocommerce-LoopProduct-link woocommerce-loop-product__link\"><\/a><\/div><div class=\"qodef-e-content\"><h5 class=\"qodef-woo-product-title woocommerce-loop-product__title\"><a href=\"https:\/\/galerialarcada.com\/de\/product\/avio-verd\/\" class=\"woocommerce-LoopProduct-link woocommerce-loop-product__link\">Gr\u00fcnes Flugzeug<\/a><\/h5>\n<button class=\"button wcq_enquiry_popup_btn\" data-product_id=\"8506\" data-fancybox data-src=\"#wcq_enquiry_cart_content_8506\">Preis pr\u00fcfen<\/button><\/div><\/div><\/li>\n<li class=\"product type-product post-8534 status-publish last instock product_cat-obra-grafica product_tag-rafols-casamada has-post-thumbnail product-type-simple\">\n\t<div class=\"qodef-e-inner\"><div class=\"qodef-e-media\"><div class=\"qodef-e-media-image\"><a href=\"https:\/\/galerialarcada.com\/de\/product\/roig-leger\/\" class=\"woocommerce-LoopProduct-link woocommerce-loop-product__link\"><img loading=\"lazy\" decoding=\"async\" width=\"300\" height=\"300\" src=\"https:\/\/galerialarcada.com\/wp-content\/uploads\/2025\/08\/roig-leger-300x300.jpg\" class=\"attachment-woocommerce_thumbnail size-woocommerce_thumbnail\" alt=\"Roig Leger\" srcset=\"https:\/\/galerialarcada.com\/wp-content\/uploads\/2025\/08\/roig-leger-300x300.jpg 300w, https:\/\/galerialarcada.com\/wp-content\/uploads\/2025\/08\/roig-leger-100x100.jpg 100w\" sizes=\"(max-width: 300px) 100vw, 300px\" \/><\/a><\/div><div class=\"qodef-e-media-inner\">\t<span id=\"woocommerce_loop_add_to_cart_link_describedby_8534\" class=\"screen-reader-text\">\n\t\t\t<\/span>\n<\/div><a href=\"https:\/\/galerialarcada.com\/de\/product\/roig-leger\/\" class=\"woocommerce-LoopProduct-link woocommerce-loop-product__link\"><\/a><\/div><div class=\"qodef-e-content\"><h5 class=\"qodef-woo-product-title woocommerce-loop-product__title\"><a href=\"https:\/\/galerialarcada.com\/de\/product\/roig-leger\/\" class=\"woocommerce-LoopProduct-link woocommerce-loop-product__link\">Roig Leger<\/a><\/h5>\n<button class=\"button wcq_enquiry_popup_btn\" data-product_id=\"8534\" data-fancybox data-src=\"#wcq_enquiry_cart_content_8534\">Preis pr\u00fcfen<\/button><\/div><\/div><\/li>\n<\/ul>\n<\/div><\/div>\t\t\t\t<\/div>\n\t\t\t\t<\/div>\n\t\t\t\t\t<\/div>\n\t\t\t\t<\/div>\n\t\t\t\t<\/div>","protected":false},"excerpt":{"rendered":"<p>Zush Zush, Pseudonym von Alberto Porta (Barcelona, 1946), ist ein Autodidakt, der sp\u00e4ter den Namen Evru annahm und sich selbst als ArtCieMist definierte \u2013 eine Verschmelzung von K\u00fcnstler, Wissenschaftler und Mystiker. Sein einzigartiger Werdegang hat ihn zu einem der au\u00dfergew\u00f6hnlichsten K\u00fcnstler der spanischen Gegenwartskunst gemacht, dessen Werke international in Museen wie dem MoMA in New York Anerkennung finden.<\/p>","protected":false},"author":1,"featured_media":0,"parent":0,"menu_order":0,"comment_status":"closed","ping_status":"closed","template":"","meta":{"_acf_changed":false,"footnotes":""},"class_list":["post-8796","page","type-page","status-publish","hentry"],"acf":[],"_links":{"self":[{"href":"https:\/\/galerialarcada.com\/de\/wp-json\/wp\/v2\/pages\/8796","targetHints":{"allow":["GET"]}}],"collection":[{"href":"https:\/\/galerialarcada.com\/de\/wp-json\/wp\/v2\/pages"}],"about":[{"href":"https:\/\/galerialarcada.com\/de\/wp-json\/wp\/v2\/types\/page"}],"author":[{"embeddable":true,"href":"https:\/\/galerialarcada.com\/de\/wp-json\/wp\/v2\/users\/1"}],"replies":[{"embeddable":true,"href":"https:\/\/galerialarcada.com\/de\/wp-json\/wp\/v2\/comments?post=8796"}],"version-history":[{"count":4,"href":"https:\/\/galerialarcada.com\/de\/wp-json\/wp\/v2\/pages\/8796\/revisions"}],"predecessor-version":[{"id":8802,"href":"https:\/\/galerialarcada.com\/de\/wp-json\/wp\/v2\/pages\/8796\/revisions\/8802"}],"wp:attachment":[{"href":"https:\/\/galerialarcada.com\/de\/wp-json\/wp\/v2\/media?parent=8796"}],"curies":[{"name":"wp","href":"https:\/\/api.w.org\/{rel}","templated":true}]}}