{"id":8482,"date":"2025-10-21T18:56:15","date_gmt":"2025-10-21T18:56:15","guid":{"rendered":"http:\/\/galerialarcada.com\/?post_type=product&#038;p=8482"},"modified":"2026-03-14T18:37:34","modified_gmt":"2026-03-14T18:37:34","slug":"yellow-glasses-3","status":"publish","type":"product","link":"https:\/\/galerialarcada.com\/en\/product\/yellow-glasses-3\/","title":{"rendered":"Yellow glasses"},"content":{"rendered":"<p><b>Artist:<\/b> SAV45<br \/>\n<b>Technique:<\/b> Gicl\u00e9e<br \/>\n<b>Measures:<\/b> 50 x 50 cm<br \/>\n<b>Year:<\/b> 2025<\/p>","protected":false},"excerpt":{"rendered":"<p>Artista: SAV45 T\u00e9cnica: Gicl\u00e9e Medidas: 50 x 50 cm A\u00f1o: 2025<\/p>","protected":false},"featured_media":8483,"template":"","meta":{"_acf_changed":false},"product_brand":[],"product_cat":[177],"product_tag":[163],"class_list":{"0":"post-8482","1":"product","2":"type-product","3":"status-publish","4":"has-post-thumbnail","6":"product_cat-obra-grafica","7":"product_tag-sav-45","9":"first","10":"instock","11":"purchasable","12":"product-type-simple"},"acf":[],"_links":{"self":[{"href":"https:\/\/galerialarcada.com\/en\/wp-json\/wp\/v2\/product\/8482","targetHints":{"allow":["GET"]}}],"collection":[{"href":"https:\/\/galerialarcada.com\/en\/wp-json\/wp\/v2\/product"}],"about":[{"href":"https:\/\/galerialarcada.com\/en\/wp-json\/wp\/v2\/types\/product"}],"wp:featuredmedia":[{"embeddable":true,"href":"https:\/\/galerialarcada.com\/en\/wp-json\/wp\/v2\/media\/8483"}],"wp:attachment":[{"href":"https:\/\/galerialarcada.com\/en\/wp-json\/wp\/v2\/media?parent=8482"}],"wp:term":[{"taxonomy":"product_brand","embeddable":true,"href":"https:\/\/galerialarcada.com\/en\/wp-json\/wp\/v2\/product_brand?post=8482"},{"taxonomy":"product_cat","embeddable":true,"href":"https:\/\/galerialarcada.com\/en\/wp-json\/wp\/v2\/product_cat?post=8482"},{"taxonomy":"product_tag","embeddable":true,"href":"https:\/\/galerialarcada.com\/en\/wp-json\/wp\/v2\/product_tag?post=8482"}],"curies":[{"name":"wp","href":"https:\/\/api.w.org\/{rel}","templated":true}]}}