{"id":8484,"date":"2025-10-21T18:56:10","date_gmt":"2025-10-21T18:56:10","guid":{"rendered":"http:\/\/galerialarcada.com\/?post_type=product&#038;p=8484"},"modified":"2026-03-14T18:43:21","modified_gmt":"2026-03-14T18:43:21","slug":"green-glasses-2","status":"publish","type":"product","link":"https:\/\/galerialarcada.com\/en\/product\/green-glasses-2\/","title":{"rendered":"Green glasses"},"content":{"rendered":"<p><b>Artist:<\/b> SAV45<br \/>\n<b>Technique:<\/b> Gicl\u00e9e with custom brushstroke. Edition of 10 units.<br \/>\n<b>Measures:<\/b> 50 x 50 cm<br \/>\n<b>Year:<\/b> 2023<\/p>","protected":false},"excerpt":{"rendered":"<p>Artista: SAV45 T\u00e9cnica: Gicl\u00e9e con pincelada personalizada. Edici\u00f3n de 10 unid. Medidas: 50 x 50 cm A\u00f1o: 2023<\/p>","protected":false},"featured_media":8485,"template":"","meta":{"_acf_changed":false},"product_brand":[],"product_cat":[177,565],"product_tag":[163],"class_list":{"0":"post-8484","1":"product","2":"type-product","3":"status-publish","4":"has-post-thumbnail","6":"product_cat-obra-grafica","7":"product_cat-pop-arte","8":"product_tag-sav-45","10":"first","11":"instock","12":"purchasable","13":"product-type-simple"},"acf":[],"_links":{"self":[{"href":"https:\/\/galerialarcada.com\/en\/wp-json\/wp\/v2\/product\/8484","targetHints":{"allow":["GET"]}}],"collection":[{"href":"https:\/\/galerialarcada.com\/en\/wp-json\/wp\/v2\/product"}],"about":[{"href":"https:\/\/galerialarcada.com\/en\/wp-json\/wp\/v2\/types\/product"}],"wp:featuredmedia":[{"embeddable":true,"href":"https:\/\/galerialarcada.com\/en\/wp-json\/wp\/v2\/media\/8485"}],"wp:attachment":[{"href":"https:\/\/galerialarcada.com\/en\/wp-json\/wp\/v2\/media?parent=8484"}],"wp:term":[{"taxonomy":"product_brand","embeddable":true,"href":"https:\/\/galerialarcada.com\/en\/wp-json\/wp\/v2\/product_brand?post=8484"},{"taxonomy":"product_cat","embeddable":true,"href":"https:\/\/galerialarcada.com\/en\/wp-json\/wp\/v2\/product_cat?post=8484"},{"taxonomy":"product_tag","embeddable":true,"href":"https:\/\/galerialarcada.com\/en\/wp-json\/wp\/v2\/product_tag?post=8484"}],"curies":[{"name":"wp","href":"https:\/\/api.w.org\/{rel}","templated":true}]}}