{"id":8782,"date":"2025-08-21T14:39:32","date_gmt":"2025-08-21T14:39:32","guid":{"rendered":"http:\/\/galerialarcada.com\/?page_id=8782"},"modified":"2025-08-21T14:55:27","modified_gmt":"2025-08-21T14:55:27","slug":"kcho","status":"publish","type":"page","link":"https:\/\/galerialarcada.com\/fr\/kcho\/","title":{"rendered":"Kcho"},"content":{"rendered":"<div data-elementor-type=\"wp-page\" data-elementor-id=\"8782\" class=\"elementor elementor-8782\" data-elementor-post-type=\"page\">\n\t\t\t\t<div class=\"elementor-element elementor-element-67894179 e-con-full e-flex e-con e-parent\" data-id=\"67894179\" data-element_type=\"container\">\n\t\t\t\t<div class=\"elementor-element elementor-element-31430e36 elementor-widget__width-initial elementor-widget elementor-widget-kahlo_core_section_title\" data-id=\"31430e36\" data-element_type=\"widget\" data-widget_type=\"kahlo_core_section_title.default\">\n\t\t\t\t<div class=\"elementor-widget-container\">\n\t\t\t\t\t<div class=\"qodef-shortcode qodef-m qodef-section-title qodef-alignment--center\">\n\t\t<h1 class=\"qodef-m-title\" >\n\t\t\t\t\tKcho\t\t\t<\/h1>\n\t    \n<\/div>\n\t\t\t\t<\/div>\n\t\t\t\t<\/div>\n\t\t\t\t<\/div>\n\t\t<div class=\"elementor-element elementor-element-4fe757e9 e-con-full e-grid e-con e-parent\" data-id=\"4fe757e9\" data-element_type=\"container\">\n\t\t\t\t<div class=\"elementor-element elementor-element-513be3a8 elementor-widget elementor-widget-kahlo_core_single_image\" data-id=\"513be3a8\" data-element_type=\"widget\" data-widget_type=\"kahlo_core_single_image.default\">\n\t\t\t\t<div class=\"elementor-widget-container\">\n\t\t\t\t\t<div class=\"qodef-shortcode qodef-m qodef-single-image qodef-layout--default\">\n\t\t\t<div class=\"qodef-m-image\">\n\t\t\t\t\t\t\t\t<img fetchpriority=\"high\" decoding=\"async\" width=\"239\" height=\"300\" src=\"https:\/\/galerialarcada.com\/wp-content\/uploads\/2025\/08\/Kcho-239x300.png\" class=\"attachment-medium size-medium\" alt=\"Kcho\" srcset=\"https:\/\/galerialarcada.com\/wp-content\/uploads\/2025\/08\/Kcho-239x300.png 239w, https:\/\/galerialarcada.com\/wp-content\/uploads\/2025\/08\/Kcho-10x12.png 10w, https:\/\/galerialarcada.com\/wp-content\/uploads\/2025\/08\/Kcho.png 456w\" sizes=\"(max-width: 239px) 100vw, 239px\" \/>\t\t\t\t\t\t\t<\/div>\n\t<\/div>\n\t\t\t\t<\/div>\n\t\t\t\t<\/div>\n\t\t\t\t<div class=\"elementor-element elementor-element-1c6c118 elementor-widget elementor-widget-text-editor\" data-id=\"1c6c118\" data-element_type=\"widget\" data-widget_type=\"text-editor.default\">\n\t\t\t\t\t\t\t\t\t<p data-start=\"152\" data-end=\"469\"><strong data-start=\"152\" data-end=\"216\">Kcho (Alexis Leiva Machado, \u00cele de la Jeunesse, Cuba, 1970)<\/strong> Il est l&#039;un des artistes contemporains les plus influents d&#039;Am\u00e9rique latine. Peintre, sculpteur, graveur et artiste d&#039;installations, il a men\u00e9 une carri\u00e8re internationale au cours de laquelle <strong data-start=\"394\" data-end=\"410\">travail graphique<\/strong> Elle occupe une place essentielle dans son langage artistique.<\/p><p data-start=\"471\" data-end=\"798\">Form\u00e9e \u00e0 l&#039;\u00c9cole nationale des beaux-arts de La Havane, Kcho a expos\u00e9 dans plus de <strong data-start=\"551\" data-end=\"597\">100 \u00e9chantillons individuels et 200 \u00e9chantillons collectifs<\/strong> dans des mus\u00e9es du monde entier. En 1995, \u00e0 seulement 25 ans, il est devenu le plus jeune artiste latino-am\u00e9ricain \u00e0 int\u00e9grer la collection permanente du <strong data-start=\"749\" data-end=\"795\">Mus\u00e9e d&#039;Art Moderne de New York (MoMA)<\/strong>.<\/p><p data-start=\"800\" data-end=\"1147\">Son <strong data-start=\"803\" data-end=\"819\">travail graphique<\/strong> Elle refl\u00e8te la po\u00e9tique du voyage, de la migration et de la m\u00e9moire collective, avec des r\u00e9f\u00e9rences constantes aux bateaux et aux structures qui \u00e9voquent \u00e0 la fois l&#039;espoir et la pr\u00e9carit\u00e9. La m\u00eame puissance expressive que l&#039;on retrouve dans ses sculptures et installations est ici manifeste, transpos\u00e9e \u00e0 la gravure et au dessin avec une intensit\u00e9 unique.<\/p><p data-start=\"1149\" data-end=\"1615\">R\u00e9compens\u00e9 par des distinctions telles que le <strong data-start=\"1186\" data-end=\"1247\">Grand Prix de la Biennale de Gwangju (Cor\u00e9e du Sud, 1995)<\/strong> ou le <strong data-start=\"1253\" data-end=\"1296\">Prix UNESCO pour la promotion des arts<\/strong>, Kcho est aujourd&#039;hui une figure incontournable de l&#039;art cubain contemporain. Ses \u0153uvres font partie des collections permanentes d&#039;institutions telles que\u2026 <strong data-start=\"1441\" data-end=\"1483\">Mus\u00e9e national des beaux-arts de Cuba<\/strong>, il <strong data-start=\"1488\" data-end=\"1533\">Mus\u00e9e du Centre National d\u2019Art Reina Sof\u00eda<\/strong>, il <strong data-start=\"1538\" data-end=\"1560\">MoMA \u00e0 New York<\/strong> ou le <strong data-start=\"1566\" data-end=\"1612\">Mus\u00e9e d&#039;art contemporain de Los Angeles<\/strong>.<\/p><p data-start=\"1617\" data-end=\"1797\">Avec son <strong data-start=\"1624\" data-end=\"1640\">travail graphique<\/strong>, Kcho confirme l&#039;universalit\u00e9 d&#039;un art riche en symbolisme, capable d&#039;aborder l&#039;histoire et l&#039;actualit\u00e9 d&#039;un point de vue profond\u00e9ment humain.<\/p>\t\t\t\t\t\t\t\t<\/div>\n\t\t\t\t<\/div>\n\t\t<div class=\"elementor-element elementor-element-18826daa e-con-full e-flex e-con e-parent\" data-id=\"18826daa\" data-element_type=\"container\">\n\t\t\t\t<div class=\"elementor-element elementor-element-4ba45f4e elementor-widget elementor-widget-kahlo_core_custom_font\" data-id=\"4ba45f4e\" data-element_type=\"widget\" data-widget_type=\"kahlo_core_custom_font.default\">\n\t\t\t\t<div class=\"elementor-widget-container\">\n\t\t\t\t\t<p class=\"qodef-shortcode qodef-m qodef-custom-font qodef-custom-font-216 qodef-layout--simple\" style=\"font-family: Space Grotesk;font-size: 49px;line-height: 49px;letter-spacing: -0.05em;font-weight: 500\">\u0152uvres de Kcho<\/p>\n\t\t\t\t<\/div>\n\t\t\t\t<\/div>\n\t\t\t\t<\/div>\n\t\t<div class=\"elementor-element elementor-element-b93a163 e-flex e-con-boxed e-con e-parent\" data-id=\"b93a163\" data-element_type=\"container\">\n\t\t\t\t\t<div class=\"e-con-inner\">\n\t\t\t\t<div class=\"elementor-element elementor-element-6fdf4a75 elementor-widget elementor-widget-kahlo_core_product_list\" data-id=\"6fdf4a75\" data-element_type=\"widget\" data-widget_type=\"kahlo_core_product_list.default\">\n\t\t\t\t<div class=\"elementor-widget-container\">\n\t\t\t\t\t<div class=\"qodef-shortcode qodef-m produ qodef-woo-shortcode qodef-woo-product-list qodef-item-layout--info-below qodef-grid qodef-layout--masonry qodef-col-num--3 qodef-item-layout--info-below qodef-pagination--on qodef-pagination-type--infinite-scroll qodef-responsive--predefined qodef-swiper--show-pagination\"  data-options=\"{&quot;plugin&quot;:&quot;kahlo_core&quot;,&quot;module&quot;:&quot;plugins\\\/woocommerce\\\/shortcodes&quot;,&quot;shortcode&quot;:&quot;product-list&quot;,&quot;post_type&quot;:&quot;product&quot;,&quot;next_page&quot;:&quot;2&quot;,&quot;max_pages_num&quot;:1,&quot;custom_class&quot;:&quot;produ&quot;,&quot;behavior&quot;:&quot;masonry&quot;,&quot;images_proportion&quot;:&quot;full&quot;,&quot;columns&quot;:&quot;3&quot;,&quot;columns_responsive&quot;:&quot;predefined&quot;,&quot;columns_1512&quot;:&quot;3&quot;,&quot;columns_1440&quot;:&quot;3&quot;,&quot;columns_1366&quot;:&quot;3&quot;,&quot;columns_1024&quot;:&quot;3&quot;,&quot;columns_768&quot;:&quot;3&quot;,&quot;columns_680&quot;:&quot;3&quot;,&quot;columns_480&quot;:&quot;3&quot;,&quot;parallax_item&quot;:&quot;yes&quot;,&quot;posts_per_page&quot;:&quot;9&quot;,&quot;orderby&quot;:&quot;name&quot;,&quot;order&quot;:&quot;DESC&quot;,&quot;additional_params&quot;:&quot;tax&quot;,&quot;tax&quot;:&quot;product_tag&quot;,&quot;tax_slug&quot;:&quot;Kcho&quot;,&quot;layout&quot;:&quot;info-below&quot;,&quot;title_tag&quot;:&quot;h4&quot;,&quot;enable_filter&quot;:&quot;no&quot;,&quot;full_width_filter&quot;:&quot;no&quot;,&quot;pagination_type&quot;:&quot;infinite-scroll&quot;,&quot;object_class_name&quot;:&quot;KahloCore_Product_List_Shortcode&quot;,&quot;taxonomy_filter&quot;:&quot;product_tag&quot;,&quot;additional_query_args&quot;:{&quot;tax_query&quot;:[{&quot;taxonomy&quot;:&quot;product_tag&quot;,&quot;field&quot;:&quot;slug&quot;,&quot;terms&quot;:&quot;Kcho&quot;}]},&quot;holder_styles&quot;:[]}\">\n\t\t<ul class=\"qodef-grid-inner\">\n\t\t\t<div class=\"qodef-grid-masonry-sizer\"><\/div>\n<li class=\"qodef-e qodef-grid-item qodef-parallax-item product type-product post-8542 status-publish first instock product_cat-obra-grafica product_tag-kcho has-post-thumbnail product-type-simple\">\n\t<div class=\"qodef-e-inner\">\n\t\t\t\t\t<div class=\"qodef-e-media\">\n\t\t\t\t\t<div class=\"qodef-e-media-image\">\n\t\t<a href=\"https:\/\/galerialarcada.com\/fr\/product\/regresa-vida-mia-que-te-espero\/\" class=\"woocommerce-LoopProduct-link woocommerce-loop-product__link\">\t\t\t\t\t\t<img decoding=\"async\" width=\"300\" height=\"300\" src=\"https:\/\/galerialarcada.com\/wp-content\/uploads\/2025\/08\/regresa-vida-mia-que-te-espero-300x300.jpg\" class=\"attachment-woocommerce_thumbnail size-woocommerce_thumbnail wp-post-image\" alt=\"\" srcset=\"https:\/\/galerialarcada.com\/wp-content\/uploads\/2025\/08\/regresa-vida-mia-que-te-espero-300x300.jpg 300w, https:\/\/galerialarcada.com\/wp-content\/uploads\/2025\/08\/regresa-vida-mia-que-te-espero-100x100.jpg 100w\" sizes=\"(max-width: 300px) 100vw, 300px\" \/>\t\t<\/a>\t<\/div>\n\t\t\t\t<div class=\"qodef-e-media-inner\">\n\t\t\t\t\t\t<span id=\"woocommerce_loop_add_to_cart_link_describedby_8542\" class=\"screen-reader-text\">\n\t\t\t<\/span>\n\t\t\t\t<\/div>\n\t\t\t\t<a href=\"https:\/\/galerialarcada.com\/fr\/product\/regresa-vida-mia-que-te-espero\/\" class=\"woocommerce-LoopProduct-link woocommerce-loop-product__link\"><\/a>\t\t\t<\/div>\n\t\t\t\t<div class=\"qodef-e-content\">\n\t\t\t<h4 itemprop=\"name\" class=\"qodef-woo-product-title entry-title\" >\n\t<a itemprop=\"url\" class=\"qodef-woo-product-title-link\" href=\"https:\/\/galerialarcada.com\/fr\/product\/regresa-vida-mia-que-te-espero\/\">\n\t\tReviens ma vie, je t&#039;attends.\t<\/a>\n<\/h4>\n\t\t\t\t\t\t\t\t<\/div>\n\t<\/div>\n<\/li>\n\t<\/ul>\n\t<\/div>\n\t\t\t\t<\/div>\n\t\t\t\t<\/div>\n\t\t\t\t<div class=\"elementor-element elementor-element-4424e35f elementor-widget elementor-widget-kahlo_core_custom_font\" data-id=\"4424e35f\" data-element_type=\"widget\" data-widget_type=\"kahlo_core_custom_font.default\">\n\t\t\t\t<div class=\"elementor-widget-container\">\n\t\t\t\t\t<p class=\"qodef-shortcode qodef-m qodef-custom-font qodef-custom-font-260 qodef-layout--simple\" style=\"font-family: Space Grotesk;font-size: 49px;line-height: 49px\">\u0152uvres d&#039;autres graphistes<\/p>\n\t\t\t\t<\/div>\n\t\t\t\t<\/div>\n\t\t\t\t<div class=\"elementor-element elementor-element-7bf1253c elementor-grid-4 elementor-grid-tablet-3 elementor-grid-mobile-2 elementor-products-grid elementor-wc-products elementor-widget elementor-widget-woocommerce-products\" data-id=\"7bf1253c\" data-element_type=\"widget\" data-widget_type=\"woocommerce-products.default\">\n\t\t\t\t<div class=\"elementor-widget-container\">\n\t\t\t\t\t<div class=\"woocommerce columns-4\"><div class=\"qodef-woo-product-list qodef-item-layout--info-below qodef-gutter--great qodef-vertical-gutter--normal\" ><ul class=\"products elementor-grid columns-4\">\n<li class=\"product type-product post-8506 status-publish first instock product_cat-obra-grafica product_tag-josep-riera-i-arago has-post-thumbnail product-type-simple\">\n\t<div class=\"qodef-e-inner\"><div class=\"qodef-e-media\"><div class=\"qodef-e-media-image\"><a href=\"https:\/\/galerialarcada.com\/fr\/product\/avio-verd\/\" class=\"woocommerce-LoopProduct-link woocommerce-loop-product__link\"><img decoding=\"async\" width=\"300\" height=\"300\" src=\"https:\/\/galerialarcada.com\/wp-content\/uploads\/2025\/08\/avio-verd-300x300.jpg\" class=\"attachment-woocommerce_thumbnail size-woocommerce_thumbnail\" alt=\"Avion vert\" srcset=\"https:\/\/galerialarcada.com\/wp-content\/uploads\/2025\/08\/avio-verd-300x300.jpg 300w, https:\/\/galerialarcada.com\/wp-content\/uploads\/2025\/08\/avio-verd-100x100.jpg 100w\" sizes=\"(max-width: 300px) 100vw, 300px\" \/><\/a><\/div><div class=\"qodef-e-media-inner\">\t<span id=\"woocommerce_loop_add_to_cart_link_describedby_8506\" class=\"screen-reader-text\">\n\t\t\t<\/span>\n<\/div><a href=\"https:\/\/galerialarcada.com\/fr\/product\/avio-verd\/\" class=\"woocommerce-LoopProduct-link woocommerce-loop-product__link\"><\/a><\/div><div class=\"qodef-e-content\"><h5 class=\"qodef-woo-product-title woocommerce-loop-product__title\"><a href=\"https:\/\/galerialarcada.com\/fr\/product\/avio-verd\/\" class=\"woocommerce-LoopProduct-link woocommerce-loop-product__link\">Avion vert<\/a><\/h5>\n<button class=\"button wcq_enquiry_popup_btn\" data-product_id=\"8506\" data-fancybox data-src=\"#wcq_enquiry_cart_content_8506\">V\u00e9rifier le prix<\/button><\/div><\/div><\/li>\n<li class=\"product type-product post-8494 status-publish instock product_cat-obra-grafica product_tag-josep-guinovart has-post-thumbnail product-type-simple\">\n\t<div class=\"qodef-e-inner\"><div class=\"qodef-e-media\"><div class=\"qodef-e-media-image\"><a href=\"https:\/\/galerialarcada.com\/fr\/product\/blau-i-terra\/\" class=\"woocommerce-LoopProduct-link woocommerce-loop-product__link\"><img loading=\"lazy\" decoding=\"async\" width=\"300\" height=\"300\" src=\"https:\/\/galerialarcada.com\/wp-content\/uploads\/2025\/08\/blau-i-terra-scaled-300x300.jpg\" class=\"attachment-woocommerce_thumbnail size-woocommerce_thumbnail\" alt=\"BLAU et TERRE\" srcset=\"https:\/\/galerialarcada.com\/wp-content\/uploads\/2025\/08\/blau-i-terra-scaled-300x300.jpg 300w, https:\/\/galerialarcada.com\/wp-content\/uploads\/2025\/08\/blau-i-terra-scaled-100x100.jpg 100w\" sizes=\"(max-width: 300px) 100vw, 300px\" \/><\/a><\/div><div class=\"qodef-e-media-inner\">\t<span id=\"woocommerce_loop_add_to_cart_link_describedby_8494\" class=\"screen-reader-text\">\n\t\t\t<\/span>\n<\/div><a href=\"https:\/\/galerialarcada.com\/fr\/product\/blau-i-terra\/\" class=\"woocommerce-LoopProduct-link woocommerce-loop-product__link\"><\/a><\/div><div class=\"qodef-e-content\"><h5 class=\"qodef-woo-product-title woocommerce-loop-product__title\"><a href=\"https:\/\/galerialarcada.com\/fr\/product\/blau-i-terra\/\" class=\"woocommerce-LoopProduct-link woocommerce-loop-product__link\">BLAU et TERRE<\/a><\/h5>\n<button class=\"button wcq_enquiry_popup_btn\" data-product_id=\"8494\" data-fancybox data-src=\"#wcq_enquiry_cart_content_8494\">V\u00e9rifier le prix<\/button><\/div><\/div><\/li>\n<li class=\"product type-product post-8544 status-publish instock product_cat-obra-grafica product_tag-zush has-post-thumbnail product-type-simple\">\n\t<div class=\"qodef-e-inner\"><div class=\"qodef-e-media\"><div class=\"qodef-e-media-image\"><a href=\"https:\/\/galerialarcada.com\/fr\/product\/eglundo\/\" class=\"woocommerce-LoopProduct-link woocommerce-loop-product__link\"><img loading=\"lazy\" decoding=\"async\" width=\"300\" height=\"300\" src=\"https:\/\/galerialarcada.com\/wp-content\/uploads\/2025\/08\/eglundo-scaled-300x300.jpg\" class=\"attachment-woocommerce_thumbnail size-woocommerce_thumbnail\" alt=\"Eglundo\" srcset=\"https:\/\/galerialarcada.com\/wp-content\/uploads\/2025\/08\/eglundo-scaled-300x300.jpg 300w, https:\/\/galerialarcada.com\/wp-content\/uploads\/2025\/08\/eglundo-scaled-100x100.jpg 100w\" sizes=\"(max-width: 300px) 100vw, 300px\" \/><\/a><\/div><div class=\"qodef-e-media-inner\">\t<span id=\"woocommerce_loop_add_to_cart_link_describedby_8544\" class=\"screen-reader-text\">\n\t\t\t<\/span>\n<\/div><a href=\"https:\/\/galerialarcada.com\/fr\/product\/eglundo\/\" class=\"woocommerce-LoopProduct-link woocommerce-loop-product__link\"><\/a><\/div><div class=\"qodef-e-content\"><h5 class=\"qodef-woo-product-title woocommerce-loop-product__title\"><a href=\"https:\/\/galerialarcada.com\/fr\/product\/eglundo\/\" class=\"woocommerce-LoopProduct-link woocommerce-loop-product__link\">Eglundo<\/a><\/h5>\n<button class=\"button wcq_enquiry_popup_btn\" data-product_id=\"8544\" data-fancybox data-src=\"#wcq_enquiry_cart_content_8544\">V\u00e9rifier le prix<\/button><\/div><\/div><\/li>\n<li class=\"product type-product post-8488 status-publish last instock product_cat-obra-grafica product_tag-josep-riera-i-arago has-post-thumbnail shipping-taxable product-type-simple\">\n\t<div class=\"qodef-e-inner\"><div class=\"qodef-e-media\"><div class=\"qodef-e-media-image\"><a href=\"https:\/\/galerialarcada.com\/fr\/product\/avio-vertical\/\" class=\"woocommerce-LoopProduct-link woocommerce-loop-product__link\"><img loading=\"lazy\" decoding=\"async\" width=\"300\" height=\"300\" src=\"https:\/\/galerialarcada.com\/wp-content\/uploads\/2025\/08\/avio-vertical-scaled-300x300.jpg\" class=\"attachment-woocommerce_thumbnail size-woocommerce_thumbnail\" alt=\"Avion vertical\" srcset=\"https:\/\/galerialarcada.com\/wp-content\/uploads\/2025\/08\/avio-vertical-scaled-300x300.jpg 300w, https:\/\/galerialarcada.com\/wp-content\/uploads\/2025\/08\/avio-vertical-scaled-100x100.jpg 100w\" sizes=\"(max-width: 300px) 100vw, 300px\" \/><\/a><\/div><div class=\"qodef-e-media-inner\">\t<span id=\"woocommerce_loop_add_to_cart_link_describedby_8488\" class=\"screen-reader-text\">\n\t\t\t<\/span>\n<\/div><a href=\"https:\/\/galerialarcada.com\/fr\/product\/avio-vertical\/\" class=\"woocommerce-LoopProduct-link woocommerce-loop-product__link\"><\/a><\/div><div class=\"qodef-e-content\"><h5 class=\"qodef-woo-product-title woocommerce-loop-product__title\"><a href=\"https:\/\/galerialarcada.com\/fr\/product\/avio-vertical\/\" class=\"woocommerce-LoopProduct-link woocommerce-loop-product__link\">Avion vertical<\/a><\/h5>\n<button class=\"button wcq_enquiry_popup_btn\" data-product_id=\"8488\" data-fancybox data-src=\"#wcq_enquiry_cart_content_8488\">V\u00e9rifier le prix<\/button><\/div><\/div><\/li>\n<li class=\"product type-product post-8490 status-publish first instock product_cat-obra-grafica product_tag-dario-aguilar has-post-thumbnail product-type-simple\">\n\t<div class=\"qodef-e-inner\"><div class=\"qodef-e-media\"><div class=\"qodef-e-media-image\"><a href=\"https:\/\/galerialarcada.com\/fr\/product\/cubiertos\/\" class=\"woocommerce-LoopProduct-link woocommerce-loop-product__link\"><img loading=\"lazy\" decoding=\"async\" width=\"300\" height=\"300\" src=\"https:\/\/galerialarcada.com\/wp-content\/uploads\/2025\/08\/cubiertos-scaled-300x300.jpg\" class=\"attachment-woocommerce_thumbnail size-woocommerce_thumbnail\" alt=\"Couvert\" srcset=\"https:\/\/galerialarcada.com\/wp-content\/uploads\/2025\/08\/cubiertos-scaled-300x300.jpg 300w, https:\/\/galerialarcada.com\/wp-content\/uploads\/2025\/08\/cubiertos-scaled-100x100.jpg 100w\" sizes=\"(max-width: 300px) 100vw, 300px\" \/><\/a><\/div><div class=\"qodef-e-media-inner\">\t<span id=\"woocommerce_loop_add_to_cart_link_describedby_8490\" class=\"screen-reader-text\">\n\t\t\t<\/span>\n<\/div><a href=\"https:\/\/galerialarcada.com\/fr\/product\/cubiertos\/\" class=\"woocommerce-LoopProduct-link woocommerce-loop-product__link\"><\/a><\/div><div class=\"qodef-e-content\"><h5 class=\"qodef-woo-product-title woocommerce-loop-product__title\"><a href=\"https:\/\/galerialarcada.com\/fr\/product\/cubiertos\/\" class=\"woocommerce-LoopProduct-link woocommerce-loop-product__link\">Couvert<\/a><\/h5>\n<button class=\"button wcq_enquiry_popup_btn\" data-product_id=\"8490\" data-fancybox data-src=\"#wcq_enquiry_cart_content_8490\">V\u00e9rifier le prix<\/button><\/div><\/div><\/li>\n<li class=\"product type-product post-8538 status-publish instock product_cat-obra-grafica product_tag-rafols-casamada has-post-thumbnail product-type-simple\">\n\t<div class=\"qodef-e-inner\"><div class=\"qodef-e-media\"><div class=\"qodef-e-media-image\"><a href=\"https:\/\/galerialarcada.com\/fr\/product\/composicio-num-15\/\" class=\"woocommerce-LoopProduct-link woocommerce-loop-product__link\"><img loading=\"lazy\" decoding=\"async\" width=\"300\" height=\"300\" src=\"https:\/\/galerialarcada.com\/wp-content\/uploads\/2025\/08\/composicio-num-15-scaled-300x300.jpg\" class=\"attachment-woocommerce_thumbnail size-woocommerce_thumbnail\" alt=\"Composition n\u00b0 15\" srcset=\"https:\/\/galerialarcada.com\/wp-content\/uploads\/2025\/08\/composicio-num-15-scaled-300x300.jpg 300w, https:\/\/galerialarcada.com\/wp-content\/uploads\/2025\/08\/composicio-num-15-scaled-100x100.jpg 100w\" sizes=\"(max-width: 300px) 100vw, 300px\" \/><\/a><\/div><div class=\"qodef-e-media-inner\">\t<span id=\"woocommerce_loop_add_to_cart_link_describedby_8538\" class=\"screen-reader-text\">\n\t\t\t<\/span>\n<\/div><a href=\"https:\/\/galerialarcada.com\/fr\/product\/composicio-num-15\/\" class=\"woocommerce-LoopProduct-link woocommerce-loop-product__link\"><\/a><\/div><div class=\"qodef-e-content\"><h5 class=\"qodef-woo-product-title woocommerce-loop-product__title\"><a href=\"https:\/\/galerialarcada.com\/fr\/product\/composicio-num-15\/\" class=\"woocommerce-LoopProduct-link woocommerce-loop-product__link\">Composition n\u00b0 15<\/a><\/h5>\n<button class=\"button wcq_enquiry_popup_btn\" data-product_id=\"8538\" data-fancybox data-src=\"#wcq_enquiry_cart_content_8538\">V\u00e9rifier le prix<\/button><\/div><\/div><\/li>\n<li class=\"product type-product post-8492 status-publish instock product_cat-obra-grafica product_tag-josep-guinovart has-post-thumbnail product-type-simple\">\n\t<div class=\"qodef-e-inner\"><div class=\"qodef-e-media\"><div class=\"qodef-e-media-image\"><a href=\"https:\/\/galerialarcada.com\/fr\/product\/llaurat-1\/\" class=\"woocommerce-LoopProduct-link woocommerce-loop-product__link\"><img loading=\"lazy\" decoding=\"async\" width=\"300\" height=\"300\" src=\"https:\/\/galerialarcada.com\/wp-content\/uploads\/2025\/08\/llaurat-1-scaled-300x300.jpg\" class=\"attachment-woocommerce_thumbnail size-woocommerce_thumbnail\" alt=\"LLAURATE 1\" srcset=\"https:\/\/galerialarcada.com\/wp-content\/uploads\/2025\/08\/llaurat-1-scaled-300x300.jpg 300w, https:\/\/galerialarcada.com\/wp-content\/uploads\/2025\/08\/llaurat-1-scaled-100x100.jpg 100w\" sizes=\"(max-width: 300px) 100vw, 300px\" \/><\/a><\/div><div class=\"qodef-e-media-inner\">\t<span id=\"woocommerce_loop_add_to_cart_link_describedby_8492\" class=\"screen-reader-text\">\n\t\t\t<\/span>\n<\/div><a href=\"https:\/\/galerialarcada.com\/fr\/product\/llaurat-1\/\" class=\"woocommerce-LoopProduct-link woocommerce-loop-product__link\"><\/a><\/div><div class=\"qodef-e-content\"><h5 class=\"qodef-woo-product-title woocommerce-loop-product__title\"><a href=\"https:\/\/galerialarcada.com\/fr\/product\/llaurat-1\/\" class=\"woocommerce-LoopProduct-link woocommerce-loop-product__link\">LLAURATE 1<\/a><\/h5>\n<button class=\"button wcq_enquiry_popup_btn\" data-product_id=\"8492\" data-fancybox data-src=\"#wcq_enquiry_cart_content_8492\">V\u00e9rifier le prix<\/button><\/div><\/div><\/li>\n<li class=\"product type-product post-8540 status-publish last instock product_cat-obra-grafica product_tag-rafols-casamada has-post-thumbnail product-type-simple\">\n\t<div class=\"qodef-e-inner\"><div class=\"qodef-e-media\"><div class=\"qodef-e-media-image\"><a href=\"https:\/\/galerialarcada.com\/fr\/product\/groc-van-gogh\/\" class=\"woocommerce-LoopProduct-link woocommerce-loop-product__link\"><img loading=\"lazy\" decoding=\"async\" width=\"300\" height=\"300\" src=\"https:\/\/galerialarcada.com\/wp-content\/uploads\/2025\/08\/groc-van-gogh-300x300.jpg\" class=\"attachment-woocommerce_thumbnail size-woocommerce_thumbnail\" alt=\"Groc Van Gogh\" srcset=\"https:\/\/galerialarcada.com\/wp-content\/uploads\/2025\/08\/groc-van-gogh-300x300.jpg 300w, https:\/\/galerialarcada.com\/wp-content\/uploads\/2025\/08\/groc-van-gogh-100x100.jpg 100w\" sizes=\"(max-width: 300px) 100vw, 300px\" \/><\/a><\/div><div class=\"qodef-e-media-inner\">\t<span id=\"woocommerce_loop_add_to_cart_link_describedby_8540\" class=\"screen-reader-text\">\n\t\t\t<\/span>\n<\/div><a href=\"https:\/\/galerialarcada.com\/fr\/product\/groc-van-gogh\/\" class=\"woocommerce-LoopProduct-link woocommerce-loop-product__link\"><\/a><\/div><div class=\"qodef-e-content\"><h5 class=\"qodef-woo-product-title woocommerce-loop-product__title\"><a href=\"https:\/\/galerialarcada.com\/fr\/product\/groc-van-gogh\/\" class=\"woocommerce-LoopProduct-link woocommerce-loop-product__link\">Groc Van Gogh<\/a><\/h5>\n<button class=\"button wcq_enquiry_popup_btn\" data-product_id=\"8540\" data-fancybox data-src=\"#wcq_enquiry_cart_content_8540\">V\u00e9rifier le prix<\/button><\/div><\/div><\/li>\n<\/ul>\n<\/div><\/div>\t\t\t\t<\/div>\n\t\t\t\t<\/div>\n\t\t\t\t\t<\/div>\n\t\t\t\t<\/div>\n\t\t\t\t<\/div>","protected":false},"excerpt":{"rendered":"<p>Kcho Kcho (Alexis Leiva Machado, Isla de la Juventud, Cuba, 1970) est l&#039;un des artistes contemporains les plus influents d&#039;Am\u00e9rique latine. Peintre, sculpteur, graveur et artiste d&#039;installations, il a men\u00e9 une carri\u00e8re internationale o\u00f9 le graphisme occupe une place essentielle dans son langage artistique. Form\u00e9 \u00e0 l&#039;\u00c9cole nationale d&#039;art de La [\u2026]<\/p>","protected":false},"author":1,"featured_media":0,"parent":0,"menu_order":0,"comment_status":"closed","ping_status":"closed","template":"","meta":{"_acf_changed":false,"footnotes":""},"class_list":["post-8782","page","type-page","status-publish","hentry"],"acf":[],"_links":{"self":[{"href":"https:\/\/galerialarcada.com\/fr\/wp-json\/wp\/v2\/pages\/8782","targetHints":{"allow":["GET"]}}],"collection":[{"href":"https:\/\/galerialarcada.com\/fr\/wp-json\/wp\/v2\/pages"}],"about":[{"href":"https:\/\/galerialarcada.com\/fr\/wp-json\/wp\/v2\/types\/page"}],"author":[{"embeddable":true,"href":"https:\/\/galerialarcada.com\/fr\/wp-json\/wp\/v2\/users\/1"}],"replies":[{"embeddable":true,"href":"https:\/\/galerialarcada.com\/fr\/wp-json\/wp\/v2\/comments?post=8782"}],"version-history":[{"count":4,"href":"https:\/\/galerialarcada.com\/fr\/wp-json\/wp\/v2\/pages\/8782\/revisions"}],"predecessor-version":[{"id":8788,"href":"https:\/\/galerialarcada.com\/fr\/wp-json\/wp\/v2\/pages\/8782\/revisions\/8788"}],"wp:attachment":[{"href":"https:\/\/galerialarcada.com\/fr\/wp-json\/wp\/v2\/media?parent=8782"}],"curies":[{"name":"wp","href":"https:\/\/api.w.org\/{rel}","templated":true}]}}