{"id":8796,"date":"2025-08-21T15:05:17","date_gmt":"2025-08-21T15:05:17","guid":{"rendered":"http:\/\/galerialarcada.com\/?page_id=8796"},"modified":"2025-08-21T15:18:02","modified_gmt":"2025-08-21T15:18:02","slug":"zouch","status":"publish","type":"page","link":"https:\/\/galerialarcada.com\/fr\/zush\/","title":{"rendered":"Zouch"},"content":{"rendered":"<div data-elementor-type=\"wp-page\" data-elementor-id=\"8796\" class=\"elementor elementor-8796\" data-elementor-post-type=\"page\">\n\t\t\t\t<div class=\"elementor-element elementor-element-22eb84cc e-con-full e-flex e-con e-parent\" data-id=\"22eb84cc\" data-element_type=\"container\">\n\t\t\t\t<div class=\"elementor-element elementor-element-d4ff7a5 elementor-widget__width-initial elementor-widget elementor-widget-kahlo_core_section_title\" data-id=\"d4ff7a5\" data-element_type=\"widget\" data-widget_type=\"kahlo_core_section_title.default\">\n\t\t\t\t<div class=\"elementor-widget-container\">\n\t\t\t\t\t<div class=\"qodef-shortcode qodef-m qodef-section-title qodef-alignment--center\">\n\t\t<h1 class=\"qodef-m-title\" >\n\t\t\t\t\tZouch\t\t\t<\/h1>\n\t    \n<\/div>\n\t\t\t\t<\/div>\n\t\t\t\t<\/div>\n\t\t\t\t<\/div>\n\t\t<div class=\"elementor-element elementor-element-80c0cc5 e-con-full e-grid e-con e-parent\" data-id=\"80c0cc5\" data-element_type=\"container\">\n\t\t\t\t<div class=\"elementor-element elementor-element-3b3e939e elementor-widget elementor-widget-kahlo_core_single_image\" data-id=\"3b3e939e\" data-element_type=\"widget\" data-widget_type=\"kahlo_core_single_image.default\">\n\t\t\t\t<div class=\"elementor-widget-container\">\n\t\t\t\t\t<div class=\"qodef-shortcode qodef-m qodef-single-image qodef-layout--default\">\n\t\t\t<div class=\"qodef-m-image\">\n\t\t\t\t\t\t\t\t<img fetchpriority=\"high\" decoding=\"async\" width=\"267\" height=\"300\" src=\"https:\/\/galerialarcada.com\/wp-content\/uploads\/2025\/08\/ZUSH-267x300.jpg\" class=\"attachment-medium size-medium\" alt=\"Zouch\" srcset=\"https:\/\/galerialarcada.com\/wp-content\/uploads\/2025\/08\/ZUSH-267x300.jpg 267w, https:\/\/galerialarcada.com\/wp-content\/uploads\/2025\/08\/ZUSH-600x674.jpg 600w, https:\/\/galerialarcada.com\/wp-content\/uploads\/2025\/08\/ZUSH-912x1024.jpg 912w, https:\/\/galerialarcada.com\/wp-content\/uploads\/2025\/08\/ZUSH-768x863.jpg 768w, https:\/\/galerialarcada.com\/wp-content\/uploads\/2025\/08\/ZUSH-11x12.jpg 11w, https:\/\/galerialarcada.com\/wp-content\/uploads\/2025\/08\/ZUSH.jpg 1257w\" sizes=\"(max-width: 267px) 100vw, 267px\" \/>\t\t\t\t\t\t\t<\/div>\n\t<\/div>\n\t\t\t\t<\/div>\n\t\t\t\t<\/div>\n\t\t\t\t<div class=\"elementor-element elementor-element-2d961b67 elementor-widget elementor-widget-text-editor\" data-id=\"2d961b67\" data-element_type=\"widget\" data-widget_type=\"text-editor.default\">\n\t\t\t\t\t\t\t\t\t<p data-start=\"178\" data-end=\"670\"><strong data-start=\"178\" data-end=\"232\">Zush, pseudonyme d&#039;Alberto Porta (Barcelone, 1946)<\/strong>, C&#039;est un artiste autodidacte qui a ensuite adopt\u00e9 le nom de <strong data-start=\"299\" data-end=\"307\">Evru<\/strong>, se d\u00e9finissant comme <strong data-start=\"327\" data-end=\"341\">ArtCieMist<\/strong>, Fusion d&#039;artiste, de scientifique et de mystique. Son parcours unique a fait de lui l&#039;un des cr\u00e9ateurs les plus singuliers de l&#039;art contemporain espagnol, reconnu internationalement et pr\u00e9sent dans des mus\u00e9es tels que le <strong data-start=\"548\" data-end=\"570\">MoMA \u00e0 New York<\/strong>, il <strong data-start=\"575\" data-end=\"603\">Centre Pompidou \u00e0 Paris<\/strong>, il <strong data-start=\"608\" data-end=\"630\">MACBA de Barcelone<\/strong> ou le <strong data-start=\"636\" data-end=\"667\">Mus\u00e9e Reina Sof\u00eda \u00e0 Madrid<\/strong>.<\/p><p data-start=\"672\" data-end=\"1176\">Le <strong data-start=\"675\" data-end=\"699\">Travaux graphiques de Zush<\/strong> Elle occupe une place essentielle dans sa production, o\u00f9 il combine dessin, gravure et techniques mixtes pour donner forme \u00e0 <strong data-start=\"812\" data-end=\"839\">L&#039;\u00e9tat mental d&#039;Evrugo<\/strong>, Un univers personnel peupl\u00e9 d&#039;\u00eatres hybrides, m\u00e9lange d&#039;humain et d&#039;imaginaire. Ses images graphiques, empreintes de psych\u00e9d\u00e9lisme, de symbolisme et d&#039;un style bande dessin\u00e9e, d\u00e9peignent les habitants de ce territoire invent\u00e9, employant une narration visuelle qui puise dans\u2026 <strong data-start=\"1109\" data-end=\"1124\">surr\u00e9alisme<\/strong> et des exp\u00e9rimentations du groupe <strong data-start=\"1159\" data-end=\"1173\">Dau al Set<\/strong>.<\/p><p data-start=\"1178\" data-end=\"1636\">En 2001, apr\u00e8s l&#039;exposition <em data-start=\"1206\" data-end=\"1214\">TECURA<\/em> Au MACBA, Zush a laiss\u00e9 place \u00e0 sa nouvelle identit\u00e9 en <strong data-start=\"1268\" data-end=\"1276\">Evru<\/strong>, Une renaissance conceptuelle par laquelle il a r\u00e9affirm\u00e9 sa vision int\u00e9grative de l&#039;art, de la science et de la spiritualit\u00e9. <strong data-start=\"1388\" data-end=\"1421\">gravures et \u00e9ditions graphiques<\/strong> Elles refl\u00e8tent cette transition, avec une imagerie en constante \u00e9volution qui relie tradition, psychologie et technologie, et qui r\u00e9sulte m\u00eame de collaborations avec la <strong data-start=\"1586\" data-end=\"1633\">Institut de technologie du Massachusetts (MIT)<\/strong>.<\/p><p data-start=\"1638\" data-end=\"1836\">Aujourd&#039;hui, l&#039;\u0153uvre graphique de Zush-Evru demeure une r\u00e9f\u00e9rence en mati\u00e8re d&#039;exp\u00e9rimentation contemporaine, reconnue tant par les collectionneurs que par les grandes institutions artistiques internationales.<\/p>\t\t\t\t\t\t\t\t<\/div>\n\t\t\t\t<\/div>\n\t\t<div class=\"elementor-element elementor-element-4fc599d9 e-con-full e-flex e-con e-parent\" data-id=\"4fc599d9\" data-element_type=\"container\">\n\t\t\t\t<div class=\"elementor-element elementor-element-70f6e6ac elementor-widget elementor-widget-kahlo_core_custom_font\" data-id=\"70f6e6ac\" data-element_type=\"widget\" data-widget_type=\"kahlo_core_custom_font.default\">\n\t\t\t\t<div class=\"elementor-widget-container\">\n\t\t\t\t\t<p class=\"qodef-shortcode qodef-m qodef-custom-font qodef-custom-font-598 qodef-layout--simple\" style=\"font-family: Space Grotesk;font-size: 49px;line-height: 49px;letter-spacing: -0.05em;font-weight: 500\">\u0152uvres de Zush<\/p>\n\t\t\t\t<\/div>\n\t\t\t\t<\/div>\n\t\t\t\t<\/div>\n\t\t<div class=\"elementor-element elementor-element-31e29449 e-flex e-con-boxed e-con e-parent\" data-id=\"31e29449\" data-element_type=\"container\">\n\t\t\t\t\t<div class=\"e-con-inner\">\n\t\t\t\t<div class=\"elementor-element elementor-element-624ac9c elementor-widget elementor-widget-kahlo_core_product_list\" data-id=\"624ac9c\" data-element_type=\"widget\" data-widget_type=\"kahlo_core_product_list.default\">\n\t\t\t\t<div class=\"elementor-widget-container\">\n\t\t\t\t\t<div class=\"qodef-shortcode qodef-m produ qodef-woo-shortcode qodef-woo-product-list qodef-item-layout--info-below qodef-grid qodef-layout--masonry qodef-col-num--3 qodef-item-layout--info-below qodef-pagination--on qodef-pagination-type--infinite-scroll qodef-responsive--predefined qodef-swiper--show-pagination\"  data-options=\"{&quot;plugin&quot;:&quot;kahlo_core&quot;,&quot;module&quot;:&quot;plugins\\\/woocommerce\\\/shortcodes&quot;,&quot;shortcode&quot;:&quot;product-list&quot;,&quot;post_type&quot;:&quot;product&quot;,&quot;next_page&quot;:&quot;2&quot;,&quot;max_pages_num&quot;:1,&quot;custom_class&quot;:&quot;produ&quot;,&quot;behavior&quot;:&quot;masonry&quot;,&quot;images_proportion&quot;:&quot;full&quot;,&quot;columns&quot;:&quot;3&quot;,&quot;columns_responsive&quot;:&quot;predefined&quot;,&quot;columns_1512&quot;:&quot;3&quot;,&quot;columns_1440&quot;:&quot;3&quot;,&quot;columns_1366&quot;:&quot;3&quot;,&quot;columns_1024&quot;:&quot;3&quot;,&quot;columns_768&quot;:&quot;3&quot;,&quot;columns_680&quot;:&quot;3&quot;,&quot;columns_480&quot;:&quot;3&quot;,&quot;parallax_item&quot;:&quot;yes&quot;,&quot;posts_per_page&quot;:&quot;9&quot;,&quot;orderby&quot;:&quot;name&quot;,&quot;order&quot;:&quot;DESC&quot;,&quot;additional_params&quot;:&quot;tax&quot;,&quot;tax&quot;:&quot;product_tag&quot;,&quot;tax_slug&quot;:&quot;Zush&quot;,&quot;layout&quot;:&quot;info-below&quot;,&quot;title_tag&quot;:&quot;h4&quot;,&quot;enable_filter&quot;:&quot;no&quot;,&quot;full_width_filter&quot;:&quot;no&quot;,&quot;pagination_type&quot;:&quot;infinite-scroll&quot;,&quot;object_class_name&quot;:&quot;KahloCore_Product_List_Shortcode&quot;,&quot;taxonomy_filter&quot;:&quot;product_tag&quot;,&quot;additional_query_args&quot;:{&quot;tax_query&quot;:[{&quot;taxonomy&quot;:&quot;product_tag&quot;,&quot;field&quot;:&quot;slug&quot;,&quot;terms&quot;:&quot;Zush&quot;}]},&quot;holder_styles&quot;:[]}\">\n\t\t<ul class=\"qodef-grid-inner\">\n\t\t\t<div class=\"qodef-grid-masonry-sizer\"><\/div>\n<li class=\"qodef-e qodef-grid-item qodef-parallax-item product type-product post-8544 status-publish first instock product_cat-obra-grafica product_tag-zush has-post-thumbnail product-type-simple\">\n\t<div class=\"qodef-e-inner\">\n\t\t\t\t\t<div class=\"qodef-e-media\">\n\t\t\t\t\t<div class=\"qodef-e-media-image\">\n\t\t<a href=\"https:\/\/galerialarcada.com\/fr\/product\/eglundo\/\" class=\"woocommerce-LoopProduct-link woocommerce-loop-product__link\">\t\t\t\t\t\t<img decoding=\"async\" width=\"300\" height=\"300\" src=\"https:\/\/galerialarcada.com\/wp-content\/uploads\/2025\/08\/eglundo-scaled-300x300.jpg\" class=\"attachment-woocommerce_thumbnail size-woocommerce_thumbnail wp-post-image\" alt=\"\" srcset=\"https:\/\/galerialarcada.com\/wp-content\/uploads\/2025\/08\/eglundo-scaled-300x300.jpg 300w, https:\/\/galerialarcada.com\/wp-content\/uploads\/2025\/08\/eglundo-scaled-100x100.jpg 100w\" sizes=\"(max-width: 300px) 100vw, 300px\" \/>\t\t<\/a>\t<\/div>\n\t\t\t\t<div class=\"qodef-e-media-inner\">\n\t\t\t\t\t\t<span id=\"woocommerce_loop_add_to_cart_link_describedby_8544\" class=\"screen-reader-text\">\n\t\t\t<\/span>\n\t\t\t\t<\/div>\n\t\t\t\t<a href=\"https:\/\/galerialarcada.com\/fr\/product\/eglundo\/\" class=\"woocommerce-LoopProduct-link woocommerce-loop-product__link\"><\/a>\t\t\t<\/div>\n\t\t\t\t<div class=\"qodef-e-content\">\n\t\t\t<h4 itemprop=\"name\" class=\"qodef-woo-product-title entry-title\" >\n\t<a itemprop=\"url\" class=\"qodef-woo-product-title-link\" href=\"https:\/\/galerialarcada.com\/fr\/product\/eglundo\/\">\n\t\tEglundo\t<\/a>\n<\/h4>\n\t\t\t\t\t\t\t\t<\/div>\n\t<\/div>\n<\/li>\n\t<\/ul>\n\t<\/div>\n\t\t\t\t<\/div>\n\t\t\t\t<\/div>\n\t\t\t\t<div class=\"elementor-element elementor-element-6fd9b580 elementor-widget elementor-widget-kahlo_core_custom_font\" data-id=\"6fd9b580\" data-element_type=\"widget\" data-widget_type=\"kahlo_core_custom_font.default\">\n\t\t\t\t<div class=\"elementor-widget-container\">\n\t\t\t\t\t<p class=\"qodef-shortcode qodef-m qodef-custom-font qodef-custom-font-693 qodef-layout--simple\" style=\"font-family: Space Grotesk;font-size: 49px;line-height: 49px\">\u0152uvres d&#039;autres graphistes<\/p>\n\t\t\t\t<\/div>\n\t\t\t\t<\/div>\n\t\t\t\t<div class=\"elementor-element elementor-element-5dead482 elementor-grid-4 elementor-grid-tablet-3 elementor-grid-mobile-2 elementor-products-grid elementor-wc-products elementor-widget elementor-widget-woocommerce-products\" data-id=\"5dead482\" data-element_type=\"widget\" data-widget_type=\"woocommerce-products.default\">\n\t\t\t\t<div class=\"elementor-widget-container\">\n\t\t\t\t\t<div class=\"woocommerce columns-4\"><div class=\"qodef-woo-product-list qodef-item-layout--info-below qodef-gutter--great qodef-vertical-gutter--normal\" ><ul class=\"products elementor-grid columns-4\">\n<li class=\"product type-product post-8528 status-publish first instock product_cat-obra-grafica product_tag-antoni-tapies has-post-thumbnail product-type-simple\">\n\t<div class=\"qodef-e-inner\"><div class=\"qodef-e-media\"><div class=\"qodef-e-media-image\"><a href=\"https:\/\/galerialarcada.com\/fr\/product\/a-t\/\" class=\"woocommerce-LoopProduct-link woocommerce-loop-product__link\"><img decoding=\"async\" width=\"300\" height=\"300\" src=\"https:\/\/galerialarcada.com\/wp-content\/uploads\/2025\/08\/a-t-300x300.jpg\" class=\"attachment-woocommerce_thumbnail size-woocommerce_thumbnail\" alt=\"\u00c0\" srcset=\"https:\/\/galerialarcada.com\/wp-content\/uploads\/2025\/08\/a-t-300x300.jpg 300w, https:\/\/galerialarcada.com\/wp-content\/uploads\/2025\/08\/a-t-100x100.jpg 100w\" sizes=\"(max-width: 300px) 100vw, 300px\" \/><\/a><\/div><div class=\"qodef-e-media-inner\">\t<span id=\"woocommerce_loop_add_to_cart_link_describedby_8528\" class=\"screen-reader-text\">\n\t\t\t<\/span>\n<\/div><a href=\"https:\/\/galerialarcada.com\/fr\/product\/a-t\/\" class=\"woocommerce-LoopProduct-link woocommerce-loop-product__link\"><\/a><\/div><div class=\"qodef-e-content\"><h5 class=\"qodef-woo-product-title woocommerce-loop-product__title\"><a href=\"https:\/\/galerialarcada.com\/fr\/product\/a-t\/\" class=\"woocommerce-LoopProduct-link woocommerce-loop-product__link\">\u00c0<\/a><\/h5>\n<button class=\"button wcq_enquiry_popup_btn\" data-product_id=\"8528\" data-fancybox data-src=\"#wcq_enquiry_cart_content_8528\">V\u00e9rifier le prix<\/button><\/div><\/div><\/li>\n<li class=\"product type-product post-8492 status-publish instock product_cat-obra-grafica product_tag-josep-guinovart has-post-thumbnail product-type-simple\">\n\t<div class=\"qodef-e-inner\"><div class=\"qodef-e-media\"><div class=\"qodef-e-media-image\"><a href=\"https:\/\/galerialarcada.com\/fr\/product\/llaurat-1\/\" class=\"woocommerce-LoopProduct-link woocommerce-loop-product__link\"><img loading=\"lazy\" decoding=\"async\" width=\"300\" height=\"300\" src=\"https:\/\/galerialarcada.com\/wp-content\/uploads\/2025\/08\/llaurat-1-scaled-300x300.jpg\" class=\"attachment-woocommerce_thumbnail size-woocommerce_thumbnail\" alt=\"LLAURATE 1\" srcset=\"https:\/\/galerialarcada.com\/wp-content\/uploads\/2025\/08\/llaurat-1-scaled-300x300.jpg 300w, https:\/\/galerialarcada.com\/wp-content\/uploads\/2025\/08\/llaurat-1-scaled-100x100.jpg 100w\" sizes=\"(max-width: 300px) 100vw, 300px\" \/><\/a><\/div><div class=\"qodef-e-media-inner\">\t<span id=\"woocommerce_loop_add_to_cart_link_describedby_8492\" class=\"screen-reader-text\">\n\t\t\t<\/span>\n<\/div><a href=\"https:\/\/galerialarcada.com\/fr\/product\/llaurat-1\/\" class=\"woocommerce-LoopProduct-link woocommerce-loop-product__link\"><\/a><\/div><div class=\"qodef-e-content\"><h5 class=\"qodef-woo-product-title woocommerce-loop-product__title\"><a href=\"https:\/\/galerialarcada.com\/fr\/product\/llaurat-1\/\" class=\"woocommerce-LoopProduct-link woocommerce-loop-product__link\">LLAURATE 1<\/a><\/h5>\n<button class=\"button wcq_enquiry_popup_btn\" data-product_id=\"8492\" data-fancybox data-src=\"#wcq_enquiry_cart_content_8492\">V\u00e9rifier le prix<\/button><\/div><\/div><\/li>\n<li class=\"product type-product post-8496 status-publish instock product_cat-obra-grafica product_tag-josep-guinovart has-post-thumbnail product-type-simple\">\n\t<div class=\"qodef-e-inner\"><div class=\"qodef-e-media\"><div class=\"qodef-e-media-image\"><a href=\"https:\/\/galerialarcada.com\/fr\/product\/llaurat-3\/\" class=\"woocommerce-LoopProduct-link woocommerce-loop-product__link\"><img loading=\"lazy\" decoding=\"async\" width=\"300\" height=\"300\" src=\"https:\/\/galerialarcada.com\/wp-content\/uploads\/2025\/08\/llaurat-3-scaled-300x300.jpg\" class=\"attachment-woocommerce_thumbnail size-woocommerce_thumbnail\" alt=\"LLAURATE 3\" srcset=\"https:\/\/galerialarcada.com\/wp-content\/uploads\/2025\/08\/llaurat-3-scaled-300x300.jpg 300w, https:\/\/galerialarcada.com\/wp-content\/uploads\/2025\/08\/llaurat-3-scaled-100x100.jpg 100w\" sizes=\"(max-width: 300px) 100vw, 300px\" \/><\/a><\/div><div class=\"qodef-e-media-inner\">\t<span id=\"woocommerce_loop_add_to_cart_link_describedby_8496\" class=\"screen-reader-text\">\n\t\t\t<\/span>\n<\/div><a href=\"https:\/\/galerialarcada.com\/fr\/product\/llaurat-3\/\" class=\"woocommerce-LoopProduct-link woocommerce-loop-product__link\"><\/a><\/div><div class=\"qodef-e-content\"><h5 class=\"qodef-woo-product-title woocommerce-loop-product__title\"><a href=\"https:\/\/galerialarcada.com\/fr\/product\/llaurat-3\/\" class=\"woocommerce-LoopProduct-link woocommerce-loop-product__link\">LLAURATE 3<\/a><\/h5>\n<button class=\"button wcq_enquiry_popup_btn\" data-product_id=\"8496\" data-fancybox data-src=\"#wcq_enquiry_cart_content_8496\">V\u00e9rifier le prix<\/button><\/div><\/div><\/li>\n<li class=\"product type-product post-8524 status-publish last instock product_cat-obra-grafica product_tag-antoni-tapies has-post-thumbnail shipping-taxable product-type-simple\">\n\t<div class=\"qodef-e-inner\"><div class=\"qodef-e-media\"><div class=\"qodef-e-media-image\"><a href=\"https:\/\/galerialarcada.com\/fr\/product\/s-t-20\/\" class=\"woocommerce-LoopProduct-link woocommerce-loop-product__link\"><img loading=\"lazy\" decoding=\"async\" width=\"300\" height=\"300\" src=\"https:\/\/galerialarcada.com\/wp-content\/uploads\/2025\/08\/st-23-300x300.jpg\" class=\"attachment-woocommerce_thumbnail size-woocommerce_thumbnail\" alt=\"ST\" srcset=\"https:\/\/galerialarcada.com\/wp-content\/uploads\/2025\/08\/st-23-300x300.jpg 300w, https:\/\/galerialarcada.com\/wp-content\/uploads\/2025\/08\/st-23-100x100.jpg 100w\" sizes=\"(max-width: 300px) 100vw, 300px\" \/><\/a><\/div><div class=\"qodef-e-media-inner\">\t<span id=\"woocommerce_loop_add_to_cart_link_describedby_8524\" class=\"screen-reader-text\">\n\t\t\t<\/span>\n<\/div><a href=\"https:\/\/galerialarcada.com\/fr\/product\/s-t-20\/\" class=\"woocommerce-LoopProduct-link woocommerce-loop-product__link\"><\/a><\/div><div class=\"qodef-e-content\"><h5 class=\"qodef-woo-product-title woocommerce-loop-product__title\"><a href=\"https:\/\/galerialarcada.com\/fr\/product\/s-t-20\/\" class=\"woocommerce-LoopProduct-link woocommerce-loop-product__link\">ST<\/a><\/h5>\n<button class=\"button wcq_enquiry_popup_btn\" data-product_id=\"8524\" data-fancybox data-src=\"#wcq_enquiry_cart_content_8524\">V\u00e9rifier le prix<\/button><\/div><\/div><\/li>\n<li class=\"product type-product post-8540 status-publish first instock product_cat-obra-grafica product_tag-rafols-casamada has-post-thumbnail product-type-simple\">\n\t<div class=\"qodef-e-inner\"><div class=\"qodef-e-media\"><div class=\"qodef-e-media-image\"><a href=\"https:\/\/galerialarcada.com\/fr\/product\/groc-van-gogh\/\" class=\"woocommerce-LoopProduct-link woocommerce-loop-product__link\"><img loading=\"lazy\" decoding=\"async\" width=\"300\" height=\"300\" src=\"https:\/\/galerialarcada.com\/wp-content\/uploads\/2025\/08\/groc-van-gogh-300x300.jpg\" class=\"attachment-woocommerce_thumbnail size-woocommerce_thumbnail\" alt=\"Groc Van Gogh\" srcset=\"https:\/\/galerialarcada.com\/wp-content\/uploads\/2025\/08\/groc-van-gogh-300x300.jpg 300w, https:\/\/galerialarcada.com\/wp-content\/uploads\/2025\/08\/groc-van-gogh-100x100.jpg 100w\" sizes=\"(max-width: 300px) 100vw, 300px\" \/><\/a><\/div><div class=\"qodef-e-media-inner\">\t<span id=\"woocommerce_loop_add_to_cart_link_describedby_8540\" class=\"screen-reader-text\">\n\t\t\t<\/span>\n<\/div><a href=\"https:\/\/galerialarcada.com\/fr\/product\/groc-van-gogh\/\" class=\"woocommerce-LoopProduct-link woocommerce-loop-product__link\"><\/a><\/div><div class=\"qodef-e-content\"><h5 class=\"qodef-woo-product-title woocommerce-loop-product__title\"><a href=\"https:\/\/galerialarcada.com\/fr\/product\/groc-van-gogh\/\" class=\"woocommerce-LoopProduct-link woocommerce-loop-product__link\">Groc Van Gogh<\/a><\/h5>\n<button class=\"button wcq_enquiry_popup_btn\" data-product_id=\"8540\" data-fancybox data-src=\"#wcq_enquiry_cart_content_8540\">V\u00e9rifier le prix<\/button><\/div><\/div><\/li>\n<li class=\"product type-product post-8538 status-publish instock product_cat-obra-grafica product_tag-rafols-casamada has-post-thumbnail product-type-simple\">\n\t<div class=\"qodef-e-inner\"><div class=\"qodef-e-media\"><div class=\"qodef-e-media-image\"><a href=\"https:\/\/galerialarcada.com\/fr\/product\/composicio-num-15\/\" class=\"woocommerce-LoopProduct-link woocommerce-loop-product__link\"><img loading=\"lazy\" decoding=\"async\" width=\"300\" height=\"300\" src=\"https:\/\/galerialarcada.com\/wp-content\/uploads\/2025\/08\/composicio-num-15-scaled-300x300.jpg\" class=\"attachment-woocommerce_thumbnail size-woocommerce_thumbnail\" alt=\"Composition n\u00b0 15\" srcset=\"https:\/\/galerialarcada.com\/wp-content\/uploads\/2025\/08\/composicio-num-15-scaled-300x300.jpg 300w, https:\/\/galerialarcada.com\/wp-content\/uploads\/2025\/08\/composicio-num-15-scaled-100x100.jpg 100w\" sizes=\"(max-width: 300px) 100vw, 300px\" \/><\/a><\/div><div class=\"qodef-e-media-inner\">\t<span id=\"woocommerce_loop_add_to_cart_link_describedby_8538\" class=\"screen-reader-text\">\n\t\t\t<\/span>\n<\/div><a href=\"https:\/\/galerialarcada.com\/fr\/product\/composicio-num-15\/\" class=\"woocommerce-LoopProduct-link woocommerce-loop-product__link\"><\/a><\/div><div class=\"qodef-e-content\"><h5 class=\"qodef-woo-product-title woocommerce-loop-product__title\"><a href=\"https:\/\/galerialarcada.com\/fr\/product\/composicio-num-15\/\" class=\"woocommerce-LoopProduct-link woocommerce-loop-product__link\">Composition n\u00b0 15<\/a><\/h5>\n<button class=\"button wcq_enquiry_popup_btn\" data-product_id=\"8538\" data-fancybox data-src=\"#wcq_enquiry_cart_content_8538\">V\u00e9rifier le prix<\/button><\/div><\/div><\/li>\n<li class=\"product type-product post-8542 status-publish instock product_cat-obra-grafica product_tag-kcho has-post-thumbnail product-type-simple\">\n\t<div class=\"qodef-e-inner\"><div class=\"qodef-e-media\"><div class=\"qodef-e-media-image\"><a href=\"https:\/\/galerialarcada.com\/fr\/product\/regresa-vida-mia-que-te-espero\/\" class=\"woocommerce-LoopProduct-link woocommerce-loop-product__link\"><img loading=\"lazy\" decoding=\"async\" width=\"300\" height=\"300\" src=\"https:\/\/galerialarcada.com\/wp-content\/uploads\/2025\/08\/regresa-vida-mia-que-te-espero-300x300.jpg\" class=\"attachment-woocommerce_thumbnail size-woocommerce_thumbnail\" alt=\"Reviens ma vie, je t&#039;attends.\" srcset=\"https:\/\/galerialarcada.com\/wp-content\/uploads\/2025\/08\/regresa-vida-mia-que-te-espero-300x300.jpg 300w, https:\/\/galerialarcada.com\/wp-content\/uploads\/2025\/08\/regresa-vida-mia-que-te-espero-100x100.jpg 100w\" sizes=\"(max-width: 300px) 100vw, 300px\" \/><\/a><\/div><div class=\"qodef-e-media-inner\">\t<span id=\"woocommerce_loop_add_to_cart_link_describedby_8542\" class=\"screen-reader-text\">\n\t\t\t<\/span>\n<\/div><a href=\"https:\/\/galerialarcada.com\/fr\/product\/regresa-vida-mia-que-te-espero\/\" class=\"woocommerce-LoopProduct-link woocommerce-loop-product__link\"><\/a><\/div><div class=\"qodef-e-content\"><h5 class=\"qodef-woo-product-title woocommerce-loop-product__title\"><a href=\"https:\/\/galerialarcada.com\/fr\/product\/regresa-vida-mia-que-te-espero\/\" class=\"woocommerce-LoopProduct-link woocommerce-loop-product__link\">Reviens ma vie, je t&#039;attends.<\/a><\/h5>\n<button class=\"button wcq_enquiry_popup_btn\" data-product_id=\"8542\" data-fancybox data-src=\"#wcq_enquiry_cart_content_8542\">V\u00e9rifier le prix<\/button><\/div><\/div><\/li>\n<li class=\"product type-product post-8494 status-publish last instock product_cat-obra-grafica product_tag-josep-guinovart has-post-thumbnail product-type-simple\">\n\t<div class=\"qodef-e-inner\"><div class=\"qodef-e-media\"><div class=\"qodef-e-media-image\"><a href=\"https:\/\/galerialarcada.com\/fr\/product\/blau-i-terra\/\" class=\"woocommerce-LoopProduct-link woocommerce-loop-product__link\"><img loading=\"lazy\" decoding=\"async\" width=\"300\" height=\"300\" src=\"https:\/\/galerialarcada.com\/wp-content\/uploads\/2025\/08\/blau-i-terra-scaled-300x300.jpg\" class=\"attachment-woocommerce_thumbnail size-woocommerce_thumbnail\" alt=\"BLAU et TERRE\" srcset=\"https:\/\/galerialarcada.com\/wp-content\/uploads\/2025\/08\/blau-i-terra-scaled-300x300.jpg 300w, https:\/\/galerialarcada.com\/wp-content\/uploads\/2025\/08\/blau-i-terra-scaled-100x100.jpg 100w\" sizes=\"(max-width: 300px) 100vw, 300px\" \/><\/a><\/div><div class=\"qodef-e-media-inner\">\t<span id=\"woocommerce_loop_add_to_cart_link_describedby_8494\" class=\"screen-reader-text\">\n\t\t\t<\/span>\n<\/div><a href=\"https:\/\/galerialarcada.com\/fr\/product\/blau-i-terra\/\" class=\"woocommerce-LoopProduct-link woocommerce-loop-product__link\"><\/a><\/div><div class=\"qodef-e-content\"><h5 class=\"qodef-woo-product-title woocommerce-loop-product__title\"><a href=\"https:\/\/galerialarcada.com\/fr\/product\/blau-i-terra\/\" class=\"woocommerce-LoopProduct-link woocommerce-loop-product__link\">BLAU et TERRE<\/a><\/h5>\n<button class=\"button wcq_enquiry_popup_btn\" data-product_id=\"8494\" data-fancybox data-src=\"#wcq_enquiry_cart_content_8494\">V\u00e9rifier le prix<\/button><\/div><\/div><\/li>\n<\/ul>\n<\/div><\/div>\t\t\t\t<\/div>\n\t\t\t\t<\/div>\n\t\t\t\t\t<\/div>\n\t\t\t\t<\/div>\n\t\t\t\t<\/div>","protected":false},"excerpt":{"rendered":"<p>Zush Zush, pseudonyme d&#039;Alberto Porta (Barcelone, 1946), est un artiste autodidacte qui a ensuite adopt\u00e9 le nom d&#039;Evru, se d\u00e9finissant comme ArtCieMist, une fusion d&#039;artiste, de scientifique et de mystique. Son parcours singulier a fait de lui l&#039;un des cr\u00e9ateurs les plus originaux de l&#039;art contemporain espagnol, reconnu internationalement et expos\u00e9 dans des mus\u00e9es tels que le MoMA de New York.<\/p>","protected":false},"author":1,"featured_media":0,"parent":0,"menu_order":0,"comment_status":"closed","ping_status":"closed","template":"","meta":{"_acf_changed":false,"footnotes":""},"class_list":["post-8796","page","type-page","status-publish","hentry"],"acf":[],"_links":{"self":[{"href":"https:\/\/galerialarcada.com\/fr\/wp-json\/wp\/v2\/pages\/8796","targetHints":{"allow":["GET"]}}],"collection":[{"href":"https:\/\/galerialarcada.com\/fr\/wp-json\/wp\/v2\/pages"}],"about":[{"href":"https:\/\/galerialarcada.com\/fr\/wp-json\/wp\/v2\/types\/page"}],"author":[{"embeddable":true,"href":"https:\/\/galerialarcada.com\/fr\/wp-json\/wp\/v2\/users\/1"}],"replies":[{"embeddable":true,"href":"https:\/\/galerialarcada.com\/fr\/wp-json\/wp\/v2\/comments?post=8796"}],"version-history":[{"count":4,"href":"https:\/\/galerialarcada.com\/fr\/wp-json\/wp\/v2\/pages\/8796\/revisions"}],"predecessor-version":[{"id":8802,"href":"https:\/\/galerialarcada.com\/fr\/wp-json\/wp\/v2\/pages\/8796\/revisions\/8802"}],"wp:attachment":[{"href":"https:\/\/galerialarcada.com\/fr\/wp-json\/wp\/v2\/media?parent=8796"}],"curies":[{"name":"wp","href":"https:\/\/api.w.org\/{rel}","templated":true}]}}